{"id":1216,"date":"2024-03-13T19:23:50","date_gmt":"2024-03-13T19:23:50","guid":{"rendered":"https:\/\/braincodemexico.com\/?page_id=1216"},"modified":"2024-08-13T22:01:21","modified_gmt":"2024-08-13T22:01:21","slug":"proceso","status":"publish","type":"page","link":"https:\/\/braincodemexico.com\/en\/proceso\/","title":{"rendered":"Process"},"content":{"rendered":"\t\t<div data-elementor-type=\"wp-page\" data-elementor-id=\"1216\" class=\"elementor elementor-1216\" data-elementor-post-type=\"page\">\n\t\t\t\t<div class=\"elementor-element elementor-element-d76d33d e-flex e-con-boxed e-con e-parent\" data-id=\"d76d33d\" data-element_type=\"container\" data-e-type=\"container\" data-settings=\"{&quot;background_background&quot;:&quot;classic&quot;}\">\n\t\t\t\t\t<div class=\"e-con-inner\">\n\t\t\t\t<div class=\"elementor-element elementor-element-b0bed2f elementor-widget elementor-widget-heading\" data-id=\"b0bed2f\" data-element_type=\"widget\" data-e-type=\"widget\" data-widget_type=\"heading.default\">\n\t\t\t\t<div class=\"elementor-widget-container\">\n\t\t\t\t\t<h2 class=\"elementor-heading-title elementor-size-default\">Nuestro proceso<\/h2>\t\t\t\t<\/div>\n\t\t\t\t<\/div>\n\t\t\t\t\t<\/div>\n\t\t\t\t<\/div>\n\t\t<div class=\"elementor-element elementor-element-14dee4a e-flex e-con-boxed e-con e-parent\" data-id=\"14dee4a\" data-element_type=\"container\" data-e-type=\"container\">\n\t\t\t\t\t<div class=\"e-con-inner\">\n\t\t<div class=\"elementor-element elementor-element-bd744bf e-con-full e-flex elementor-invisible e-con e-child\" data-id=\"bd744bf\" data-element_type=\"container\" data-e-type=\"container\" data-settings=\"{&quot;background_background&quot;:&quot;classic&quot;,&quot;motion_fx_motion_fx_scrolling&quot;:&quot;yes&quot;,&quot;motion_fx_translateY_effect&quot;:&quot;yes&quot;,&quot;motion_fx_translateY_speed&quot;:{&quot;unit&quot;:&quot;px&quot;,&quot;size&quot;:2,&quot;sizes&quot;:[]},&quot;motion_fx_devices&quot;:[&quot;desktop&quot;,&quot;tablet&quot;],&quot;animation&quot;:&quot;fadeInUp&quot;,&quot;motion_fx_translateY_affectedRange&quot;:{&quot;unit&quot;:&quot;%&quot;,&quot;size&quot;:&quot;&quot;,&quot;sizes&quot;:{&quot;start&quot;:0,&quot;end&quot;:100}}}\">\n\t\t\t\t<div class=\"elementor-element elementor-element-82a679e elementor-widget elementor-widget-heading\" data-id=\"82a679e\" data-element_type=\"widget\" data-e-type=\"widget\" data-widget_type=\"heading.default\">\n\t\t\t\t<div class=\"elementor-widget-container\">\n\t\t\t\t\t<h2 class=\"elementor-heading-title elementor-size-default\">1) Consulta<\/h2>\t\t\t\t<\/div>\n\t\t\t\t<\/div>\n\t\t\t\t<div class=\"elementor-element elementor-element-b7670a0 elementor-widget elementor-widget-text-editor\" data-id=\"b7670a0\" data-element_type=\"widget\" data-e-type=\"widget\" data-widget_type=\"text-editor.default\">\n\t\t\t\t<div class=\"elementor-widget-container\">\n\t\t\t\t\t\t\t\t\tEn una consulta gratuita, tendr\u00e1s la oportunidad de reunirte con uno de nuestros cl\u00ednicos expertos, donde podr\u00e1s conocer m\u00e1s sobre el mapeo cerebral qEEG, el neurofeedback y nuestras opciones de tratamiento.\n\n\t\t\t\t\t\t\t\t<\/div>\n\t\t\t\t<\/div>\n\t\t\t\t<\/div>\n\t\t<div class=\"elementor-element elementor-element-40c845d e-con-full e-flex elementor-invisible e-con e-child\" data-id=\"40c845d\" data-element_type=\"container\" data-e-type=\"container\" data-settings=\"{&quot;background_background&quot;:&quot;classic&quot;,&quot;motion_fx_motion_fx_scrolling&quot;:&quot;yes&quot;,&quot;motion_fx_translateY_effect&quot;:&quot;yes&quot;,&quot;motion_fx_translateY_speed&quot;:{&quot;unit&quot;:&quot;px&quot;,&quot;size&quot;:3,&quot;sizes&quot;:[]},&quot;motion_fx_devices&quot;:[&quot;desktop&quot;,&quot;tablet&quot;],&quot;animation&quot;:&quot;fadeInUp&quot;,&quot;animation_delay&quot;:2,&quot;motion_fx_translateY_affectedRange&quot;:{&quot;unit&quot;:&quot;%&quot;,&quot;size&quot;:&quot;&quot;,&quot;sizes&quot;:{&quot;start&quot;:0,&quot;end&quot;:100}}}\">\n\t\t\t\t<div class=\"elementor-element elementor-element-d892c25 elementor-widget elementor-widget-heading\" data-id=\"d892c25\" data-element_type=\"widget\" data-e-type=\"widget\" data-widget_type=\"heading.default\">\n\t\t\t\t<div class=\"elementor-widget-container\">\n\t\t\t\t\t<h2 class=\"elementor-heading-title elementor-size-default\">2) Evaluaci\u00f3n inicial<\/h2>\t\t\t\t<\/div>\n\t\t\t\t<\/div>\n\t\t\t\t<div class=\"elementor-element elementor-element-74ff0dc elementor-widget elementor-widget-text-editor\" data-id=\"74ff0dc\" data-element_type=\"widget\" data-e-type=\"widget\" data-widget_type=\"text-editor.default\">\n\t\t\t\t<div class=\"elementor-widget-container\">\n\t\t\t\t\t\t\t\t\t<p><span style=\"font-weight: 400;\">Realizaremos un mapeo cerebral <\/span><b>utilizando un electroencefalograma cuantitativo (qEEG) para recopilar informaci\u00f3n detallada sobre tu actividad cerebral y la usaremos para crear un plan de tratamiento completamente personalizado que se adapte a tus s\u00edntomas, objetivos\u00a0 y necesidades espec\u00edficas.<\/b><\/p>\t\t\t\t\t\t\t\t<\/div>\n\t\t\t\t<\/div>\n\t\t\t\t<\/div>\n\t\t\t\t\t<\/div>\n\t\t\t\t<\/div>\n\t\t<div class=\"elementor-element elementor-element-5491c9b e-flex e-con-boxed e-con e-parent\" data-id=\"5491c9b\" data-element_type=\"container\" data-e-type=\"container\">\n\t\t\t\t\t<div class=\"e-con-inner\">\n\t\t\t\t<div class=\"elementor-element elementor-element-f85f5ed elementor-widget elementor-widget-image\" data-id=\"f85f5ed\" data-element_type=\"widget\" data-e-type=\"widget\" data-settings=\"{&quot;motion_fx_motion_fx_scrolling&quot;:&quot;yes&quot;,&quot;motion_fx_translateY_effect&quot;:&quot;yes&quot;,&quot;motion_fx_translateY_speed&quot;:{&quot;unit&quot;:&quot;px&quot;,&quot;size&quot;:2,&quot;sizes&quot;:[]},&quot;motion_fx_translateY_affectedRange&quot;:{&quot;unit&quot;:&quot;%&quot;,&quot;size&quot;:&quot;&quot;,&quot;sizes&quot;:{&quot;start&quot;:0,&quot;end&quot;:100}},&quot;motion_fx_devices&quot;:[&quot;desktop&quot;,&quot;tablet&quot;,&quot;mobile&quot;]}\" data-widget_type=\"image.default\">\n\t\t\t\t<div class=\"elementor-widget-container\">\n\t\t\t\t\t\t\t\t\t\t\t\t\t\t\t<img fetchpriority=\"high\" decoding=\"async\" width=\"1500\" height=\"1511\" src=\"https:\/\/braincodemexico.com\/wp-content\/uploads\/2024\/03\/proceso-3.png\" class=\"attachment-full size-full wp-image-1192\" alt=\"\" srcset=\"https:\/\/braincodemexico.com\/wp-content\/uploads\/2024\/03\/proceso-3.png 1500w, https:\/\/braincodemexico.com\/wp-content\/uploads\/2024\/03\/proceso-3-298x300.png 298w, https:\/\/braincodemexico.com\/wp-content\/uploads\/2024\/03\/proceso-3-1017x1024.png 1017w, https:\/\/braincodemexico.com\/wp-content\/uploads\/2024\/03\/proceso-3-150x150.png 150w, https:\/\/braincodemexico.com\/wp-content\/uploads\/2024\/03\/proceso-3-768x774.png 768w\" sizes=\"(max-width: 1500px) 100vw, 1500px\" \/>\t\t\t\t\t\t\t\t\t\t\t\t\t\t\t<\/div>\n\t\t\t\t<\/div>\n\t\t\t\t\t<\/div>\n\t\t\t\t<\/div>\n\t\t<div class=\"elementor-element elementor-element-a30fcaf e-flex e-con-boxed e-con e-parent\" data-id=\"a30fcaf\" data-element_type=\"container\" data-e-type=\"container\">\n\t\t\t\t\t<div class=\"e-con-inner\">\n\t\t<div class=\"elementor-element elementor-element-75515e5 e-con-full e-flex elementor-invisible e-con e-child\" data-id=\"75515e5\" data-element_type=\"container\" data-e-type=\"container\" data-settings=\"{&quot;background_background&quot;:&quot;classic&quot;,&quot;motion_fx_motion_fx_scrolling&quot;:&quot;yes&quot;,&quot;motion_fx_translateY_effect&quot;:&quot;yes&quot;,&quot;motion_fx_translateY_speed&quot;:{&quot;unit&quot;:&quot;px&quot;,&quot;size&quot;:2,&quot;sizes&quot;:[]},&quot;motion_fx_devices&quot;:[&quot;desktop&quot;,&quot;tablet&quot;],&quot;animation&quot;:&quot;fadeInUp&quot;,&quot;motion_fx_translateY_affectedRange&quot;:{&quot;unit&quot;:&quot;%&quot;,&quot;size&quot;:&quot;&quot;,&quot;sizes&quot;:{&quot;start&quot;:0,&quot;end&quot;:100}}}\">\n\t\t\t\t<div class=\"elementor-element elementor-element-19598f9 elementor-widget elementor-widget-heading\" data-id=\"19598f9\" data-element_type=\"widget\" data-e-type=\"widget\" data-widget_type=\"heading.default\">\n\t\t\t\t<div class=\"elementor-widget-container\">\n\t\t\t\t\t<h2 class=\"elementor-heading-title elementor-size-default\">3) Entrenamiento<\/h2>\t\t\t\t<\/div>\n\t\t\t\t<\/div>\n\t\t\t\t<div class=\"elementor-element elementor-element-d78d217 elementor-widget elementor-widget-text-editor\" data-id=\"d78d217\" data-element_type=\"widget\" data-e-type=\"widget\" data-widget_type=\"text-editor.default\">\n\t\t\t\t<div class=\"elementor-widget-container\">\n\t\t\t\t\t\t\t\t\tSe entrena en sesiones con base en tu plan personalizado. El neurofeedback utiliza la retroalimentaci\u00f3n en tiempo real de la actividad cerebral para ense\u00f1ar a tu cerebro a autorregularse y mejorar su funcionamiento. Adem\u00e1s, proporcionaremos un seguimiento continuo para monitorear y medir la evoluci\u00f3n de tus s\u00edntomas, ajustando el plan seg\u00fan sea necesario para asegurar los mejores resultados posibles.\t\t\t\t\t\t\t\t<\/div>\n\t\t\t\t<\/div>\n\t\t\t\t<\/div>\n\t\t<div class=\"elementor-element elementor-element-8af5768 e-con-full e-flex elementor-invisible e-con e-child\" data-id=\"8af5768\" data-element_type=\"container\" data-e-type=\"container\" data-settings=\"{&quot;background_background&quot;:&quot;classic&quot;,&quot;motion_fx_motion_fx_scrolling&quot;:&quot;yes&quot;,&quot;motion_fx_translateY_effect&quot;:&quot;yes&quot;,&quot;motion_fx_translateY_speed&quot;:{&quot;unit&quot;:&quot;px&quot;,&quot;size&quot;:1,&quot;sizes&quot;:[]},&quot;motion_fx_devices&quot;:[&quot;desktop&quot;,&quot;tablet&quot;],&quot;animation&quot;:&quot;fadeInUp&quot;,&quot;animation_delay&quot;:3,&quot;motion_fx_translateY_affectedRange&quot;:{&quot;unit&quot;:&quot;%&quot;,&quot;size&quot;:&quot;&quot;,&quot;sizes&quot;:{&quot;start&quot;:0,&quot;end&quot;:100}}}\">\n\t\t\t\t<div class=\"elementor-element elementor-element-7d66364 elementor-widget elementor-widget-heading\" data-id=\"7d66364\" data-element_type=\"widget\" data-e-type=\"widget\" data-widget_type=\"heading.default\">\n\t\t\t\t<div class=\"elementor-widget-container\">\n\t\t\t\t\t<h2 class=\"elementor-heading-title elementor-size-default\">4) Mantenimiento<\/h2>\t\t\t\t<\/div>\n\t\t\t\t<\/div>\n\t\t\t\t<div class=\"elementor-element elementor-element-c42b4a6 elementor-widget elementor-widget-text-editor\" data-id=\"c42b4a6\" data-element_type=\"widget\" data-e-type=\"widget\" data-widget_type=\"text-editor.default\">\n\t\t\t\t<div class=\"elementor-widget-container\">\n\t\t\t\t\t\t\t\t\t<p>Mantener un cerebro saludable es un proceso continuo. Puedes beneficiarte de refuerzos trimestrales que te ayudar\u00e1n a preservar tus resultados.<\/p>\t\t\t\t\t\t\t\t<\/div>\n\t\t\t\t<\/div>\n\t\t\t\t<\/div>\n\t\t\t\t\t<\/div>\n\t\t\t\t<\/div>\n\t\t\t\t<\/div>\n\t\t","protected":false},"excerpt":{"rendered":"<p>Nuestro proceso 1) Consulta En una consulta gratuita, tendr\u00e1s la oportunidad de reunirte con uno de nuestros cl\u00ednicos expertos, donde podr\u00e1s conocer m\u00e1s sobre el mapeo cerebral qEEG, el neurofeedback y nuestras opciones de tratamiento. 2) Evaluaci\u00f3n inicial Realizaremos un mapeo cerebral utilizando un electroencefalograma cuantitativo (qEEG) para recopilar informaci\u00f3n detallada sobre tu actividad cerebral [&hellip;]<\/p>\n","protected":false},"author":1,"featured_media":0,"parent":0,"menu_order":0,"comment_status":"closed","ping_status":"closed","template":"","meta":{"_joinchat":[],"footnotes":""},"class_list":["post-1216","page","type-page","status-publish","hentry"],"yoast_head":"<!-- This site is optimized with the Yoast SEO plugin v27.4 - https:\/\/yoast.com\/product\/yoast-seo-wordpress\/ -->\n<title>Proceso - braincodemexico.com<\/title>\n<meta name=\"robots\" content=\"index, follow, max-snippet:-1, max-image-preview:large, max-video-preview:-1\" \/>\n<link rel=\"canonical\" href=\"https:\/\/braincodemexico.com\/en\/proceso\/\" \/>\n<meta property=\"og:locale\" content=\"en_US\" \/>\n<meta property=\"og:type\" content=\"article\" \/>\n<meta property=\"og:title\" content=\"Proceso - braincodemexico.com\" \/>\n<meta property=\"og:description\" content=\"Nuestro proceso 1) Consulta En una consulta gratuita, tendr\u00e1s la oportunidad de reunirte con uno de nuestros cl\u00ednicos expertos, donde podr\u00e1s conocer m\u00e1s sobre el mapeo cerebral qEEG, el neurofeedback y nuestras opciones de tratamiento. 2) Evaluaci\u00f3n inicial Realizaremos un mapeo cerebral utilizando un electroencefalograma cuantitativo (qEEG) para recopilar informaci\u00f3n detallada sobre tu actividad cerebral [&hellip;]\" \/>\n<meta property=\"og:url\" content=\"https:\/\/braincodemexico.com\/en\/proceso\/\" \/>\n<meta property=\"og:site_name\" content=\"braincodemexico.com\" \/>\n<meta property=\"article:modified_time\" content=\"2024-08-13T22:01:21+00:00\" \/>\n<meta property=\"og:image\" content=\"https:\/\/braincodemexico.com\/wp-content\/uploads\/2024\/03\/proceso-3.png\" \/>\n<meta name=\"twitter:card\" content=\"summary_large_image\" \/>\n<meta name=\"twitter:label1\" content=\"Est. reading time\" \/>\n\t<meta name=\"twitter:data1\" content=\"1 minute\" \/>\n<script type=\"application\/ld+json\" class=\"yoast-schema-graph\">{\"@context\":\"https:\\\/\\\/schema.org\",\"@graph\":[{\"@type\":\"WebPage\",\"@id\":\"https:\\\/\\\/braincodemexico.com\\\/proceso\\\/\",\"url\":\"https:\\\/\\\/braincodemexico.com\\\/proceso\\\/\",\"name\":\"Proceso - braincodemexico.com\",\"isPartOf\":{\"@id\":\"https:\\\/\\\/braincodemexico.com\\\/#website\"},\"primaryImageOfPage\":{\"@id\":\"https:\\\/\\\/braincodemexico.com\\\/proceso\\\/#primaryimage\"},\"image\":{\"@id\":\"https:\\\/\\\/braincodemexico.com\\\/proceso\\\/#primaryimage\"},\"thumbnailUrl\":\"https:\\\/\\\/braincodemexico.com\\\/wp-content\\\/uploads\\\/2024\\\/03\\\/proceso-3.png\",\"datePublished\":\"2024-03-13T19:23:50+00:00\",\"dateModified\":\"2024-08-13T22:01:21+00:00\",\"breadcrumb\":{\"@id\":\"https:\\\/\\\/braincodemexico.com\\\/proceso\\\/#breadcrumb\"},\"inLanguage\":\"en-US\",\"potentialAction\":[{\"@type\":\"ReadAction\",\"target\":[\"https:\\\/\\\/braincodemexico.com\\\/proceso\\\/\"]}]},{\"@type\":\"ImageObject\",\"inLanguage\":\"en-US\",\"@id\":\"https:\\\/\\\/braincodemexico.com\\\/proceso\\\/#primaryimage\",\"url\":\"https:\\\/\\\/braincodemexico.com\\\/wp-content\\\/uploads\\\/2024\\\/03\\\/proceso-3.png\",\"contentUrl\":\"https:\\\/\\\/braincodemexico.com\\\/wp-content\\\/uploads\\\/2024\\\/03\\\/proceso-3.png\"},{\"@type\":\"BreadcrumbList\",\"@id\":\"https:\\\/\\\/braincodemexico.com\\\/proceso\\\/#breadcrumb\",\"itemListElement\":[{\"@type\":\"ListItem\",\"position\":1,\"name\":\"Inicio\",\"item\":\"https:\\\/\\\/braincodemexico.com\\\/\"},{\"@type\":\"ListItem\",\"position\":2,\"name\":\"Proceso\"}]},{\"@type\":\"WebSite\",\"@id\":\"https:\\\/\\\/braincodemexico.com\\\/#website\",\"url\":\"https:\\\/\\\/braincodemexico.com\\\/\",\"name\":\"braincodemexico.com\",\"description\":\"\",\"publisher\":{\"@id\":\"https:\\\/\\\/braincodemexico.com\\\/#organization\"},\"potentialAction\":[{\"@type\":\"SearchAction\",\"target\":{\"@type\":\"EntryPoint\",\"urlTemplate\":\"https:\\\/\\\/braincodemexico.com\\\/?s={search_term_string}\"},\"query-input\":{\"@type\":\"PropertyValueSpecification\",\"valueRequired\":true,\"valueName\":\"search_term_string\"}}],\"inLanguage\":\"en-US\"},{\"@type\":\"Organization\",\"@id\":\"https:\\\/\\\/braincodemexico.com\\\/#organization\",\"name\":\"braincodemexico.com\",\"url\":\"https:\\\/\\\/braincodemexico.com\\\/\",\"logo\":{\"@type\":\"ImageObject\",\"inLanguage\":\"en-US\",\"@id\":\"https:\\\/\\\/braincodemexico.com\\\/#\\\/schema\\\/logo\\\/image\\\/\",\"url\":\"https:\\\/\\\/braincodemexico.com\\\/wp-content\\\/uploads\\\/2024\\\/02\\\/cropped-logo-braincode.png\",\"contentUrl\":\"https:\\\/\\\/braincodemexico.com\\\/wp-content\\\/uploads\\\/2024\\\/02\\\/cropped-logo-braincode.png\",\"width\":1400,\"height\":400,\"caption\":\"braincodemexico.com\"},\"image\":{\"@id\":\"https:\\\/\\\/braincodemexico.com\\\/#\\\/schema\\\/logo\\\/image\\\/\"}}]}<\/script>\n<!-- \/ Yoast SEO plugin. -->","yoast_head_json":{"title":"Proceso - braincodemexico.com","robots":{"index":"index","follow":"follow","max-snippet":"max-snippet:-1","max-image-preview":"max-image-preview:large","max-video-preview":"max-video-preview:-1"},"canonical":"https:\/\/braincodemexico.com\/en\/proceso\/","og_locale":"en_US","og_type":"article","og_title":"Proceso - braincodemexico.com","og_description":"Nuestro proceso 1) Consulta En una consulta gratuita, tendr\u00e1s la oportunidad de reunirte con uno de nuestros cl\u00ednicos expertos, donde podr\u00e1s conocer m\u00e1s sobre el mapeo cerebral qEEG, el neurofeedback y nuestras opciones de tratamiento. 2) Evaluaci\u00f3n inicial Realizaremos un mapeo cerebral utilizando un electroencefalograma cuantitativo (qEEG) para recopilar informaci\u00f3n detallada sobre tu actividad cerebral [&hellip;]","og_url":"https:\/\/braincodemexico.com\/en\/proceso\/","og_site_name":"braincodemexico.com","article_modified_time":"2024-08-13T22:01:21+00:00","og_image":[{"url":"https:\/\/braincodemexico.com\/wp-content\/uploads\/2024\/03\/proceso-3.png","type":"","width":"","height":""}],"twitter_card":"summary_large_image","twitter_misc":{"Est. reading time":"1 minute"},"schema":{"@context":"https:\/\/schema.org","@graph":[{"@type":"WebPage","@id":"https:\/\/braincodemexico.com\/proceso\/","url":"https:\/\/braincodemexico.com\/proceso\/","name":"Proceso - braincodemexico.com","isPartOf":{"@id":"https:\/\/braincodemexico.com\/#website"},"primaryImageOfPage":{"@id":"https:\/\/braincodemexico.com\/proceso\/#primaryimage"},"image":{"@id":"https:\/\/braincodemexico.com\/proceso\/#primaryimage"},"thumbnailUrl":"https:\/\/braincodemexico.com\/wp-content\/uploads\/2024\/03\/proceso-3.png","datePublished":"2024-03-13T19:23:50+00:00","dateModified":"2024-08-13T22:01:21+00:00","breadcrumb":{"@id":"https:\/\/braincodemexico.com\/proceso\/#breadcrumb"},"inLanguage":"en-US","potentialAction":[{"@type":"ReadAction","target":["https:\/\/braincodemexico.com\/proceso\/"]}]},{"@type":"ImageObject","inLanguage":"en-US","@id":"https:\/\/braincodemexico.com\/proceso\/#primaryimage","url":"https:\/\/braincodemexico.com\/wp-content\/uploads\/2024\/03\/proceso-3.png","contentUrl":"https:\/\/braincodemexico.com\/wp-content\/uploads\/2024\/03\/proceso-3.png"},{"@type":"BreadcrumbList","@id":"https:\/\/braincodemexico.com\/proceso\/#breadcrumb","itemListElement":[{"@type":"ListItem","position":1,"name":"Inicio","item":"https:\/\/braincodemexico.com\/"},{"@type":"ListItem","position":2,"name":"Proceso"}]},{"@type":"WebSite","@id":"https:\/\/braincodemexico.com\/#website","url":"https:\/\/braincodemexico.com\/","name":"braincodemexico.com","description":"","publisher":{"@id":"https:\/\/braincodemexico.com\/#organization"},"potentialAction":[{"@type":"SearchAction","target":{"@type":"EntryPoint","urlTemplate":"https:\/\/braincodemexico.com\/?s={search_term_string}"},"query-input":{"@type":"PropertyValueSpecification","valueRequired":true,"valueName":"search_term_string"}}],"inLanguage":"en-US"},{"@type":"Organization","@id":"https:\/\/braincodemexico.com\/#organization","name":"braincodemexico.com","url":"https:\/\/braincodemexico.com\/","logo":{"@type":"ImageObject","inLanguage":"en-US","@id":"https:\/\/braincodemexico.com\/#\/schema\/logo\/image\/","url":"https:\/\/braincodemexico.com\/wp-content\/uploads\/2024\/02\/cropped-logo-braincode.png","contentUrl":"https:\/\/braincodemexico.com\/wp-content\/uploads\/2024\/02\/cropped-logo-braincode.png","width":1400,"height":400,"caption":"braincodemexico.com"},"image":{"@id":"https:\/\/braincodemexico.com\/#\/schema\/logo\/image\/"}}]}},"_links":{"self":[{"href":"https:\/\/braincodemexico.com\/en\/wp-json\/wp\/v2\/pages\/1216","targetHints":{"allow":["GET"]}}],"collection":[{"href":"https:\/\/braincodemexico.com\/en\/wp-json\/wp\/v2\/pages"}],"about":[{"href":"https:\/\/braincodemexico.com\/en\/wp-json\/wp\/v2\/types\/page"}],"author":[{"embeddable":true,"href":"https:\/\/braincodemexico.com\/en\/wp-json\/wp\/v2\/users\/1"}],"replies":[{"embeddable":true,"href":"https:\/\/braincodemexico.com\/en\/wp-json\/wp\/v2\/comments?post=1216"}],"version-history":[{"count":43,"href":"https:\/\/braincodemexico.com\/en\/wp-json\/wp\/v2\/pages\/1216\/revisions"}],"predecessor-version":[{"id":1524,"href":"https:\/\/braincodemexico.com\/en\/wp-json\/wp\/v2\/pages\/1216\/revisions\/1524"}],"wp:attachment":[{"href":"https:\/\/braincodemexico.com\/en\/wp-json\/wp\/v2\/media?parent=1216"}],"curies":[{"name":"wp","href":"https:\/\/api.w.org\/{rel}","templated":true}]}}