{"id":1486,"date":"2024-08-13T20:55:53","date_gmt":"2024-08-13T20:55:53","guid":{"rendered":"https:\/\/braincodemexico.com\/?page_id=1486"},"modified":"2024-08-13T21:05:59","modified_gmt":"2024-08-13T21:05:59","slug":"desempeno-fisico","status":"publish","type":"page","link":"https:\/\/braincodemexico.com\/en\/desempeno-fisico\/","title":{"rendered":"Physical Performance"},"content":{"rendered":"\t\t<div data-elementor-type=\"wp-post\" data-elementor-id=\"1486\" class=\"elementor elementor-1486\" data-elementor-post-type=\"page\">\n\t\t\t\t<div class=\"elementor-element elementor-element-1069a04 e-flex e-con-boxed e-con e-parent\" data-id=\"1069a04\" data-element_type=\"container\" data-e-type=\"container\" data-settings=\"{&quot;background_background&quot;:&quot;classic&quot;,&quot;background_motion_fx_motion_fx_scrolling&quot;:&quot;yes&quot;,&quot;background_motion_fx_translateY_effect&quot;:&quot;yes&quot;,&quot;background_motion_fx_translateY_speed&quot;:{&quot;unit&quot;:&quot;px&quot;,&quot;size&quot;:4,&quot;sizes&quot;:[]},&quot;background_motion_fx_translateY_affectedRange&quot;:{&quot;unit&quot;:&quot;%&quot;,&quot;size&quot;:&quot;&quot;,&quot;sizes&quot;:{&quot;start&quot;:0,&quot;end&quot;:100}},&quot;background_motion_fx_devices&quot;:[&quot;desktop&quot;,&quot;tablet&quot;,&quot;mobile&quot;]}\">\n\t\t\t\t\t<div class=\"e-con-inner\">\n\t\t<div class=\"elementor-element elementor-element-5a5a18b e-con-full e-flex e-con e-child\" data-id=\"5a5a18b\" data-element_type=\"container\" data-e-type=\"container\">\n\t\t\t\t<div class=\"elementor-element elementor-element-8c157b3 elementor-widget elementor-widget-spacer\" data-id=\"8c157b3\" data-element_type=\"widget\" data-e-type=\"widget\" data-widget_type=\"spacer.default\">\n\t\t\t\t<div class=\"elementor-widget-container\">\n\t\t\t\t\t\t\t<div class=\"elementor-spacer\">\n\t\t\t<div class=\"elementor-spacer-inner\"><\/div>\n\t\t<\/div>\n\t\t\t\t\t\t<\/div>\n\t\t\t\t<\/div>\n\t\t\t\t<div class=\"elementor-element elementor-element-fe49ea6 elementor-widget elementor-widget-heading\" data-id=\"fe49ea6\" data-element_type=\"widget\" data-e-type=\"widget\" data-widget_type=\"heading.default\">\n\t\t\t\t<div class=\"elementor-widget-container\">\n\t\t\t\t\t<h2 class=\"elementor-heading-title elementor-size-default\"> Desempe\u00f1o F\u00edsico\n<\/h2>\t\t\t\t<\/div>\n\t\t\t\t<\/div>\n\t\t\t\t<div class=\"elementor-element elementor-element-5e03d01 elementor-widget elementor-widget-spacer\" data-id=\"5e03d01\" data-element_type=\"widget\" data-e-type=\"widget\" data-widget_type=\"spacer.default\">\n\t\t\t\t<div class=\"elementor-widget-container\">\n\t\t\t\t\t\t\t<div class=\"elementor-spacer\">\n\t\t\t<div class=\"elementor-spacer-inner\"><\/div>\n\t\t<\/div>\n\t\t\t\t\t\t<\/div>\n\t\t\t\t<\/div>\n\t\t\t\t<\/div>\n\t\t<div class=\"elementor-element elementor-element-cd12bd0 e-con-full e-flex e-con e-child\" data-id=\"cd12bd0\" data-element_type=\"container\" data-e-type=\"container\">\n\t\t\t\t<\/div>\n\t\t\t\t\t<\/div>\n\t\t\t\t<\/div>\n\t\t<div class=\"elementor-element elementor-element-f1cc919 e-flex e-con-boxed e-con e-parent\" data-id=\"f1cc919\" data-element_type=\"container\" data-e-type=\"container\">\n\t\t\t\t\t<div class=\"e-con-inner\">\n\t\t\t\t<div class=\"elementor-element elementor-element-7316d93 elementor-widget elementor-widget-text-editor\" data-id=\"7316d93\" data-element_type=\"widget\" data-e-type=\"widget\" data-widget_type=\"text-editor.default\">\n\t\t\t\t<div class=\"elementor-widget-container\">\n\t\t\t\t\t\t\t\t\t<p><span style=\"font-weight: 400;\">El desempe\u00f1o f\u00edsico se refiere a la capacidad para realizar actividades f\u00edsicas y disciplinas deportivas de manera efectiva, incluyendo fuerza, resistencia, coordinaci\u00f3n y agilidad. Los problemas en el desempe\u00f1o f\u00edsico pueden afectar la capacidad para realizar ejercicio, participar en deportes o llevar a cabo tareas diarias. Por el contrario, fortalecer las capacidades cognitivas y emocionales apoya a los atletas a alcanzar su m\u00e1ximo potencial y mejorar su rendimiento general.<\/span><\/p>\t\t\t\t\t\t\t\t<\/div>\n\t\t\t\t<\/div>\n\t\t\t\t\t<\/div>\n\t\t\t\t<\/div>\n\t\t<div class=\"elementor-element elementor-element-d1fedeb e-flex e-con-boxed e-con e-parent\" data-id=\"d1fedeb\" data-element_type=\"container\" data-e-type=\"container\" data-settings=\"{&quot;background_background&quot;:&quot;classic&quot;}\">\n\t\t\t\t\t<div class=\"e-con-inner\">\n\t\t\t\t<div class=\"elementor-element elementor-element-bc2f431 elementor-widget elementor-widget-heading\" data-id=\"bc2f431\" data-element_type=\"widget\" data-e-type=\"widget\" data-widget_type=\"heading.default\">\n\t\t\t\t<div class=\"elementor-widget-container\">\n\t\t\t\t\t<h3 class=\"elementor-heading-title elementor-size-default\">Neurofeedback para el Desempe\u00f1o F\u00edsico:\n<\/h3>\t\t\t\t<\/div>\n\t\t\t\t<\/div>\n\t\t<div class=\"elementor-element elementor-element-edc6f16 e-flex e-con-boxed e-con e-child\" data-id=\"edc6f16\" data-element_type=\"container\" data-e-type=\"container\">\n\t\t\t\t\t<div class=\"e-con-inner\">\n\t\t<div class=\"elementor-element elementor-element-f3727c8 e-flex e-con-boxed e-con e-child\" data-id=\"f3727c8\" data-element_type=\"container\" data-e-type=\"container\">\n\t\t\t\t\t<div class=\"e-con-inner\">\n\t\t\t\t<div class=\"elementor-element elementor-element-cdaf043 elementor-widget elementor-widget-text-editor\" data-id=\"cdaf043\" data-element_type=\"widget\" data-e-type=\"widget\" data-widget_type=\"text-editor.default\">\n\t\t\t\t<div class=\"elementor-widget-container\">\n\t\t\t\t\t\t\t\t\t<div class=\"flex-1 overflow-hidden\"><div class=\"react-scroll-to-bottom--css-ehbsw-79elbk h-full\"><div class=\"react-scroll-to-bottom--css-ehbsw-1n7m0yu\"><div class=\"flex flex-col text-sm pb-9\"><div class=\"w-full text-token-text-primary\" data-testid=\"conversation-turn-51\"><div class=\"px-4 py-2 justify-center text-base md:gap-6 m-auto\"><div class=\"flex flex-1 text-base mx-auto gap-3 md:px-5 lg:px-1 xl:px-5 md:max-w-3xl lg:max-w-[40rem] xl:max-w-[48rem] group final-completion\"><div class=\"relative flex w-full flex-col agent-turn\"><div class=\"flex-col gap-1 md:gap-3\"><div class=\"flex flex-grow flex-col max-w-full\"><div class=\"min-h-[20px] text-message flex flex-col items-start gap-3 whitespace-pre-wrap break-words [.text-message+&amp;]:mt-5 overflow-x-auto\" data-message-author-role=\"assistant\" data-message-id=\"b292e9d3-a3e3-4634-bb7a-e649960ee1f1\"><div class=\"markdown prose w-full break-words dark:prose-invert dark\"><p><span style=\"font-weight: 400;\">El neurofeedback puede apoyar el desempe\u00f1o f\u00edsico al regular, equilibrar y mejorar la actividad en las \u00e1reas del cerebro responsables de la concentraci\u00f3n, toma de decisiones r\u00e1pidas, planificaci\u00f3n y ejecuci\u00f3n de movimientos, la coordinaci\u00f3n, el control motor, cognitivo y emocional a trav\u00e9s del entrenamiento cerebral. Con este entrenamiento se logra reducir el estr\u00e9s, una mayor eficiencia y eficacia en las actividades f\u00edsicas, una mayor resistencia y una recuperaci\u00f3n m\u00e1s r\u00e1pida.<\/span><\/p><\/div><\/div><\/div><\/div><\/div><\/div><\/div><\/div><\/div><\/div><\/div><\/div>\t\t\t\t\t\t\t\t<\/div>\n\t\t\t\t<\/div>\n\t\t\t\t\t<\/div>\n\t\t\t\t<\/div>\n\t\t<div class=\"elementor-element elementor-element-84af475 e-con-full e-flex e-con e-child\" data-id=\"84af475\" data-element_type=\"container\" data-e-type=\"container\">\n\t\t\t\t<\/div>\n\t\t\t\t\t<\/div>\n\t\t\t\t<\/div>\n\t\t\t\t\t<\/div>\n\t\t\t\t<\/div>\n\t\t\t\t<\/div>\n\t\t","protected":false},"excerpt":{"rendered":"<p>Desempe\u00f1o F\u00edsico El desempe\u00f1o f\u00edsico se refiere a la capacidad para realizar actividades f\u00edsicas y disciplinas deportivas de manera efectiva, incluyendo fuerza, resistencia, coordinaci\u00f3n y agilidad. Los problemas en el desempe\u00f1o f\u00edsico pueden afectar la capacidad para realizar ejercicio, participar en deportes o llevar a cabo tareas diarias. Por el contrario, fortalecer las capacidades cognitivas [&hellip;]<\/p>\n","protected":false},"author":1,"featured_media":0,"parent":0,"menu_order":0,"comment_status":"closed","ping_status":"closed","template":"","meta":{"_joinchat":[],"footnotes":""},"class_list":["post-1486","page","type-page","status-publish","hentry"],"yoast_head":"<!-- This site is optimized with the Yoast SEO plugin v27.4 - https:\/\/yoast.com\/product\/yoast-seo-wordpress\/ -->\n<title>Desempe\u00f1o F\u00edsico - braincodemexico.com<\/title>\n<meta name=\"description\" content=\"El desempe\u00f1o f\u00edsico se refiere a la capacidad para realizar actividades f\u00edsicas y disciplinas deportivas de manera efectiva,\" \/>\n<meta name=\"robots\" content=\"index, follow, max-snippet:-1, max-image-preview:large, max-video-preview:-1\" \/>\n<link rel=\"canonical\" href=\"https:\/\/braincodemexico.com\/en\/desempeno-fisico\/\" \/>\n<meta property=\"og:locale\" content=\"en_US\" \/>\n<meta property=\"og:type\" content=\"article\" \/>\n<meta property=\"og:title\" content=\"Desempe\u00f1o F\u00edsico - braincodemexico.com\" \/>\n<meta property=\"og:description\" content=\"El desempe\u00f1o f\u00edsico se refiere a la capacidad para realizar actividades f\u00edsicas y disciplinas deportivas de manera efectiva,\" \/>\n<meta property=\"og:url\" content=\"https:\/\/braincodemexico.com\/en\/desempeno-fisico\/\" \/>\n<meta property=\"og:site_name\" content=\"braincodemexico.com\" \/>\n<meta property=\"article:modified_time\" content=\"2024-08-13T21:05:59+00:00\" \/>\n<meta name=\"twitter:card\" content=\"summary_large_image\" \/>\n<meta name=\"twitter:label1\" content=\"Est. reading time\" \/>\n\t<meta name=\"twitter:data1\" content=\"1 minute\" \/>\n<script type=\"application\/ld+json\" class=\"yoast-schema-graph\">{\"@context\":\"https:\\\/\\\/schema.org\",\"@graph\":[{\"@type\":\"WebPage\",\"@id\":\"https:\\\/\\\/braincodemexico.com\\\/desempeno-fisico\\\/\",\"url\":\"https:\\\/\\\/braincodemexico.com\\\/desempeno-fisico\\\/\",\"name\":\"Desempe\u00f1o F\u00edsico - braincodemexico.com\",\"isPartOf\":{\"@id\":\"https:\\\/\\\/braincodemexico.com\\\/#website\"},\"datePublished\":\"2024-08-13T20:55:53+00:00\",\"dateModified\":\"2024-08-13T21:05:59+00:00\",\"description\":\"El desempe\u00f1o f\u00edsico se refiere a la capacidad para realizar actividades f\u00edsicas y disciplinas deportivas de manera efectiva,\",\"breadcrumb\":{\"@id\":\"https:\\\/\\\/braincodemexico.com\\\/desempeno-fisico\\\/#breadcrumb\"},\"inLanguage\":\"en-US\",\"potentialAction\":[{\"@type\":\"ReadAction\",\"target\":[\"https:\\\/\\\/braincodemexico.com\\\/desempeno-fisico\\\/\"]}]},{\"@type\":\"BreadcrumbList\",\"@id\":\"https:\\\/\\\/braincodemexico.com\\\/desempeno-fisico\\\/#breadcrumb\",\"itemListElement\":[{\"@type\":\"ListItem\",\"position\":1,\"name\":\"Inicio\",\"item\":\"https:\\\/\\\/braincodemexico.com\\\/\"},{\"@type\":\"ListItem\",\"position\":2,\"name\":\"Desempe\u00f1o F\u00edsico\"}]},{\"@type\":\"WebSite\",\"@id\":\"https:\\\/\\\/braincodemexico.com\\\/#website\",\"url\":\"https:\\\/\\\/braincodemexico.com\\\/\",\"name\":\"braincodemexico.com\",\"description\":\"\",\"publisher\":{\"@id\":\"https:\\\/\\\/braincodemexico.com\\\/#organization\"},\"potentialAction\":[{\"@type\":\"SearchAction\",\"target\":{\"@type\":\"EntryPoint\",\"urlTemplate\":\"https:\\\/\\\/braincodemexico.com\\\/?s={search_term_string}\"},\"query-input\":{\"@type\":\"PropertyValueSpecification\",\"valueRequired\":true,\"valueName\":\"search_term_string\"}}],\"inLanguage\":\"en-US\"},{\"@type\":\"Organization\",\"@id\":\"https:\\\/\\\/braincodemexico.com\\\/#organization\",\"name\":\"braincodemexico.com\",\"url\":\"https:\\\/\\\/braincodemexico.com\\\/\",\"logo\":{\"@type\":\"ImageObject\",\"inLanguage\":\"en-US\",\"@id\":\"https:\\\/\\\/braincodemexico.com\\\/#\\\/schema\\\/logo\\\/image\\\/\",\"url\":\"https:\\\/\\\/braincodemexico.com\\\/wp-content\\\/uploads\\\/2024\\\/02\\\/cropped-logo-braincode.png\",\"contentUrl\":\"https:\\\/\\\/braincodemexico.com\\\/wp-content\\\/uploads\\\/2024\\\/02\\\/cropped-logo-braincode.png\",\"width\":1400,\"height\":400,\"caption\":\"braincodemexico.com\"},\"image\":{\"@id\":\"https:\\\/\\\/braincodemexico.com\\\/#\\\/schema\\\/logo\\\/image\\\/\"}}]}<\/script>\n<!-- \/ Yoast SEO plugin. -->","yoast_head_json":{"title":"Desempe\u00f1o F\u00edsico - braincodemexico.com","description":"El desempe\u00f1o f\u00edsico se refiere a la capacidad para realizar actividades f\u00edsicas y disciplinas deportivas de manera efectiva,","robots":{"index":"index","follow":"follow","max-snippet":"max-snippet:-1","max-image-preview":"max-image-preview:large","max-video-preview":"max-video-preview:-1"},"canonical":"https:\/\/braincodemexico.com\/en\/desempeno-fisico\/","og_locale":"en_US","og_type":"article","og_title":"Desempe\u00f1o F\u00edsico - braincodemexico.com","og_description":"El desempe\u00f1o f\u00edsico se refiere a la capacidad para realizar actividades f\u00edsicas y disciplinas deportivas de manera efectiva,","og_url":"https:\/\/braincodemexico.com\/en\/desempeno-fisico\/","og_site_name":"braincodemexico.com","article_modified_time":"2024-08-13T21:05:59+00:00","twitter_card":"summary_large_image","twitter_misc":{"Est. reading time":"1 minute"},"schema":{"@context":"https:\/\/schema.org","@graph":[{"@type":"WebPage","@id":"https:\/\/braincodemexico.com\/desempeno-fisico\/","url":"https:\/\/braincodemexico.com\/desempeno-fisico\/","name":"Desempe\u00f1o F\u00edsico - braincodemexico.com","isPartOf":{"@id":"https:\/\/braincodemexico.com\/#website"},"datePublished":"2024-08-13T20:55:53+00:00","dateModified":"2024-08-13T21:05:59+00:00","description":"El desempe\u00f1o f\u00edsico se refiere a la capacidad para realizar actividades f\u00edsicas y disciplinas deportivas de manera efectiva,","breadcrumb":{"@id":"https:\/\/braincodemexico.com\/desempeno-fisico\/#breadcrumb"},"inLanguage":"en-US","potentialAction":[{"@type":"ReadAction","target":["https:\/\/braincodemexico.com\/desempeno-fisico\/"]}]},{"@type":"BreadcrumbList","@id":"https:\/\/braincodemexico.com\/desempeno-fisico\/#breadcrumb","itemListElement":[{"@type":"ListItem","position":1,"name":"Inicio","item":"https:\/\/braincodemexico.com\/"},{"@type":"ListItem","position":2,"name":"Desempe\u00f1o F\u00edsico"}]},{"@type":"WebSite","@id":"https:\/\/braincodemexico.com\/#website","url":"https:\/\/braincodemexico.com\/","name":"braincodemexico.com","description":"","publisher":{"@id":"https:\/\/braincodemexico.com\/#organization"},"potentialAction":[{"@type":"SearchAction","target":{"@type":"EntryPoint","urlTemplate":"https:\/\/braincodemexico.com\/?s={search_term_string}"},"query-input":{"@type":"PropertyValueSpecification","valueRequired":true,"valueName":"search_term_string"}}],"inLanguage":"en-US"},{"@type":"Organization","@id":"https:\/\/braincodemexico.com\/#organization","name":"braincodemexico.com","url":"https:\/\/braincodemexico.com\/","logo":{"@type":"ImageObject","inLanguage":"en-US","@id":"https:\/\/braincodemexico.com\/#\/schema\/logo\/image\/","url":"https:\/\/braincodemexico.com\/wp-content\/uploads\/2024\/02\/cropped-logo-braincode.png","contentUrl":"https:\/\/braincodemexico.com\/wp-content\/uploads\/2024\/02\/cropped-logo-braincode.png","width":1400,"height":400,"caption":"braincodemexico.com"},"image":{"@id":"https:\/\/braincodemexico.com\/#\/schema\/logo\/image\/"}}]}},"_links":{"self":[{"href":"https:\/\/braincodemexico.com\/en\/wp-json\/wp\/v2\/pages\/1486","targetHints":{"allow":["GET"]}}],"collection":[{"href":"https:\/\/braincodemexico.com\/en\/wp-json\/wp\/v2\/pages"}],"about":[{"href":"https:\/\/braincodemexico.com\/en\/wp-json\/wp\/v2\/types\/page"}],"author":[{"embeddable":true,"href":"https:\/\/braincodemexico.com\/en\/wp-json\/wp\/v2\/users\/1"}],"replies":[{"embeddable":true,"href":"https:\/\/braincodemexico.com\/en\/wp-json\/wp\/v2\/comments?post=1486"}],"version-history":[{"count":7,"href":"https:\/\/braincodemexico.com\/en\/wp-json\/wp\/v2\/pages\/1486\/revisions"}],"predecessor-version":[{"id":1496,"href":"https:\/\/braincodemexico.com\/en\/wp-json\/wp\/v2\/pages\/1486\/revisions\/1496"}],"wp:attachment":[{"href":"https:\/\/braincodemexico.com\/en\/wp-json\/wp\/v2\/media?parent=1486"}],"curies":[{"name":"wp","href":"https:\/\/api.w.org\/{rel}","templated":true}]}}