{"id":201,"date":"2024-02-03T22:24:23","date_gmt":"2024-02-03T22:24:23","guid":{"rendered":"https:\/\/braincodemexico.com\/?page_id=201"},"modified":"2024-08-13T20:13:41","modified_gmt":"2024-08-13T20:13:41","slug":"tdah","status":"publish","type":"page","link":"https:\/\/braincodemexico.com\/en\/tdah\/","title":{"rendered":"Treatment of Therapy Neurofeedback for ADHD"},"content":{"rendered":"<div data-elementor-type=\"wp-post\" data-elementor-id=\"201\" class=\"elementor elementor-201\" data-elementor-post-type=\"page\">\n\t\t\t\t<div class=\"elementor-element elementor-element-1069a04 e-flex e-con-boxed e-con e-parent\" data-id=\"1069a04\" data-element_type=\"container\" data-e-type=\"container\" data-settings=\"{&quot;background_background&quot;:&quot;classic&quot;}\">\n\t\t\t\t\t<div class=\"e-con-inner\">\n\t\t<div class=\"elementor-element elementor-element-5a5a18b e-con-full e-flex e-con e-child\" data-id=\"5a5a18b\" data-element_type=\"container\" data-e-type=\"container\">\n\t\t\t\t<div class=\"elementor-element elementor-element-8c157b3 elementor-widget elementor-widget-spacer\" data-id=\"8c157b3\" data-element_type=\"widget\" data-e-type=\"widget\" data-widget_type=\"spacer.default\">\n\t\t\t\t<div class=\"elementor-widget-container\">\n\t\t\t\t\t\t\t<div class=\"elementor-spacer\">\n\t\t\t<div class=\"elementor-spacer-inner\"><\/div>\n\t\t<\/div>\n\t\t\t\t\t\t<\/div>\n\t\t\t\t<\/div>\n\t\t\t\t<div class=\"elementor-element elementor-element-fe49ea6 elementor-widget elementor-widget-heading\" data-id=\"fe49ea6\" data-element_type=\"widget\" data-e-type=\"widget\" data-widget_type=\"heading.default\">\n\t\t\t\t<div class=\"elementor-widget-container\">\n\t\t\t\t\t<h2 class=\"elementor-heading-title elementor-size-default\">Disorder, Attention Deficit Hyperactivity disorder (ADHD)\n<\/h2>\t\t\t\t<\/div>\n\t\t\t\t<\/div>\n\t\t\t\t<div class=\"elementor-element elementor-element-5e03d01 elementor-widget elementor-widget-spacer\" data-id=\"5e03d01\" data-element_type=\"widget\" data-e-type=\"widget\" data-widget_type=\"spacer.default\">\n\t\t\t\t<div class=\"elementor-widget-container\">\n\t\t\t\t\t\t\t<div class=\"elementor-spacer\">\n\t\t\t<div class=\"elementor-spacer-inner\"><\/div>\n\t\t<\/div>\n\t\t\t\t\t\t<\/div>\n\t\t\t\t<\/div>\n\t\t\t\t<\/div>\n\t\t<div class=\"elementor-element elementor-element-cd12bd0 e-con-full e-flex e-con e-child\" data-id=\"cd12bd0\" data-element_type=\"container\" data-e-type=\"container\">\n\t\t\t\t<\/div>\n\t\t\t\t\t<\/div>\n\t\t\t\t<\/div>\n\t\t<div class=\"elementor-element elementor-element-b92c8f5 e-flex e-con-boxed e-con e-parent\" data-id=\"b92c8f5\" data-element_type=\"container\" data-e-type=\"container\">\n\t\t\t\t\t<div class=\"e-con-inner\">\n\t\t\t\t<div class=\"elementor-element elementor-element-7316d93 elementor-widget elementor-widget-text-editor\" data-id=\"7316d93\" data-element_type=\"widget\" data-e-type=\"widget\" data-widget_type=\"text-editor.default\">\n\t\t\t\t<div class=\"elementor-widget-container\">\n\t\t\t\t\t\t\t\t\t<p><span style=\"font-weight: 400;\">The Disorder, Attention Deficit Hyperactivity disorder (ADHD) manifests itself in a pervasive pattern of difficulties sustaining attention, hyperactivity and impulsive behavior. Symptoms include an inability to concentrate on both tasks prolonged as in details, submit restlessness and distraction excessive, frequent interruptions, forget things often, and difficult to follow instructions or complete projects. These difficulties can affect the academic performance, social development and the daily activities. Approximately 3-7% of children are diagnosed with ADHD, and it is estimated that between 40-70% of them continue to experience symptoms in adulthood.\u00a0<\/span><\/p>\t\t\t\t\t\t\t\t<\/div>\n\t\t\t\t<\/div>\n\t\t\t\t\t<\/div>\n\t\t\t\t<\/div>\n\t\t<div class=\"elementor-element elementor-element-fd4bc99 e-flex e-con-boxed e-con e-parent\" data-id=\"fd4bc99\" data-element_type=\"container\" data-e-type=\"container\" data-settings=\"{&quot;background_background&quot;:&quot;classic&quot;}\">\n\t\t\t\t\t<div class=\"e-con-inner\">\n\t\t<div class=\"elementor-element elementor-element-1174af5 e-con-full e-flex e-con e-child\" data-id=\"1174af5\" data-element_type=\"container\" data-e-type=\"container\">\n\t\t\t\t<div class=\"elementor-element elementor-element-0d8344d elementor-widget elementor-widget-heading\" data-id=\"0d8344d\" data-element_type=\"widget\" data-e-type=\"widget\" data-widget_type=\"heading.default\">\n\t\t\t\t<div class=\"elementor-widget-container\">\n\t\t\t\t\t<h3 class=\"elementor-heading-title elementor-size-default\">Neurofeedback for ADHD <\/h3>\t\t\t\t<\/div>\n\t\t\t\t<\/div>\n\t\t\t\t<\/div>\n\t\t<div class=\"elementor-element elementor-element-03aae5a e-flex e-con-boxed e-con e-child\" data-id=\"03aae5a\" data-element_type=\"container\" data-e-type=\"container\">\n\t\t\t\t\t<div class=\"e-con-inner\">\n\t\t<div class=\"elementor-element elementor-element-0d885ff e-flex e-con-boxed e-con e-child\" data-id=\"0d885ff\" data-element_type=\"container\" data-e-type=\"container\">\n\t\t\t\t\t<div class=\"e-con-inner\">\n\t\t\t\t<div class=\"elementor-element elementor-element-9472de8 elementor-widget elementor-widget-text-editor\" data-id=\"9472de8\" data-element_type=\"widget\" data-e-type=\"widget\" data-widget_type=\"text-editor.default\">\n\t\t\t\t<div class=\"elementor-widget-container\">\n\t\t\t\t\t\t\t\t\t<p><span style=\"font-weight: 400;\">ADHD was one of the first conditions that are treated with neurofeedback and is backed by an immense amount of scientific evidence. It is a useful tool to manage ADHD by helping to improve the regulation of brain activity in areas related to attention and develop patterns of brain waves more efficient, facilitating a greater concentration and control over the hyperactivity and impulsivity. Through regular sessions, neurofeedback helps individuals to improve their ability to focus, complete activities and increase the functionality in all areas of life with effects that remain over time.\u00a0<\/span><\/p><p><span style=\"font-weight: 400;\">The therapy neurofeedback has excellent results and is very useful for those people who want to improve their attention, focus and concentration, without a diagnosis of ADHD. <\/span><\/p>\t\t\t\t\t\t\t\t<\/div>\n\t\t\t\t<\/div>\n\t\t\t\t<div class=\"elementor-element elementor-element-4d6742c elementor-widget elementor-widget-spacer\" data-id=\"4d6742c\" data-element_type=\"widget\" data-e-type=\"widget\" data-widget_type=\"spacer.default\">\n\t\t\t\t<div class=\"elementor-widget-container\">\n\t\t\t\t\t\t\t<div class=\"elementor-spacer\">\n\t\t\t<div class=\"elementor-spacer-inner\"><\/div>\n\t\t<\/div>\n\t\t\t\t\t\t<\/div>\n\t\t\t\t<\/div>\n\t\t\t\t\t<\/div>\n\t\t\t\t<\/div>\n\t\t<div class=\"elementor-element elementor-element-a94a5eb e-con-full e-flex e-con e-child\" data-id=\"a94a5eb\" data-element_type=\"container\" data-e-type=\"container\">\n\t\t\t\t<\/div>\n\t\t\t\t\t<\/div>\n\t\t\t\t<\/div>\n\t\t\t\t\t<\/div>\n\t\t\t\t<\/div>\n\t\t\t\t<\/div>","protected":false},"excerpt":{"rendered":"<p>Trastorno por D\u00e9ficit de Atenci\u00f3n e Hiperactividad (TDAH) El Trastorno por D\u00e9ficit de Atenci\u00f3n e Hiperactividad (TDAH) se manifiesta en un patr\u00f3n persistente de dificultades para mantener la atenci\u00f3n, hiperactividad y comportamientos impulsivos. Los s\u00edntomas incluyen una incapacidad para concentrarse tanto en tareas prolongadas como en detalles, presentar inquietud y distracci\u00f3n excesiva, interrupciones frecuentes, olvidar [&hellip;]<\/p>\n","protected":false},"author":1,"featured_media":0,"parent":0,"menu_order":0,"comment_status":"closed","ping_status":"closed","template":"","meta":{"_joinchat":[],"footnotes":""},"class_list":["post-201","page","type-page","status-publish","hentry"],"yoast_head":"<!-- This site is optimized with the Yoast SEO plugin v27.4 - https:\/\/yoast.com\/product\/yoast-seo-wordpress\/ -->\n<title>Tratamiento de Terapia de Neurofeedback para el TDAH - braincodemexico.com<\/title>\n<meta name=\"robots\" content=\"index, follow, max-snippet:-1, max-image-preview:large, max-video-preview:-1\" \/>\n<link rel=\"canonical\" href=\"https:\/\/braincodemexico.com\/en\/tdah\/\" \/>\n<meta property=\"og:locale\" content=\"en_US\" \/>\n<meta property=\"og:type\" content=\"article\" \/>\n<meta property=\"og:title\" content=\"Tratamiento de Terapia de Neurofeedback para el TDAH - braincodemexico.com\" \/>\n<meta property=\"og:description\" content=\"Trastorno por D\u00e9ficit de Atenci\u00f3n e Hiperactividad (TDAH) El Trastorno por D\u00e9ficit de Atenci\u00f3n e Hiperactividad (TDAH) se manifiesta en un patr\u00f3n persistente de dificultades para mantener la atenci\u00f3n, hiperactividad y comportamientos impulsivos. Los s\u00edntomas incluyen una incapacidad para concentrarse tanto en tareas prolongadas como en detalles, presentar inquietud y distracci\u00f3n excesiva, interrupciones frecuentes, olvidar [&hellip;]\" \/>\n<meta property=\"og:url\" content=\"https:\/\/braincodemexico.com\/en\/tdah\/\" \/>\n<meta property=\"og:site_name\" content=\"braincodemexico.com\" \/>\n<meta property=\"article:modified_time\" content=\"2024-08-13T20:13:41+00:00\" \/>\n<meta name=\"twitter:card\" content=\"summary_large_image\" \/>\n<meta name=\"twitter:label1\" content=\"Est. reading time\" \/>\n\t<meta name=\"twitter:data1\" content=\"2 minutes\" \/>\n<script type=\"application\/ld+json\" class=\"yoast-schema-graph\">{\"@context\":\"https:\\\/\\\/schema.org\",\"@graph\":[{\"@type\":\"WebPage\",\"@id\":\"https:\\\/\\\/braincodemexico.com\\\/tdah\\\/\",\"url\":\"https:\\\/\\\/braincodemexico.com\\\/tdah\\\/\",\"name\":\"Tratamiento de Terapia de Neurofeedback para el TDAH - braincodemexico.com\",\"isPartOf\":{\"@id\":\"https:\\\/\\\/braincodemexico.com\\\/#website\"},\"datePublished\":\"2024-02-03T22:24:23+00:00\",\"dateModified\":\"2024-08-13T20:13:41+00:00\",\"breadcrumb\":{\"@id\":\"https:\\\/\\\/braincodemexico.com\\\/tdah\\\/#breadcrumb\"},\"inLanguage\":\"en-US\",\"potentialAction\":[{\"@type\":\"ReadAction\",\"target\":[\"https:\\\/\\\/braincodemexico.com\\\/tdah\\\/\"]}]},{\"@type\":\"BreadcrumbList\",\"@id\":\"https:\\\/\\\/braincodemexico.com\\\/tdah\\\/#breadcrumb\",\"itemListElement\":[{\"@type\":\"ListItem\",\"position\":1,\"name\":\"Inicio\",\"item\":\"https:\\\/\\\/braincodemexico.com\\\/\"},{\"@type\":\"ListItem\",\"position\":2,\"name\":\"Tratamiento de Terapia de Neurofeedback para el TDAH\"}]},{\"@type\":\"WebSite\",\"@id\":\"https:\\\/\\\/braincodemexico.com\\\/#website\",\"url\":\"https:\\\/\\\/braincodemexico.com\\\/\",\"name\":\"braincodemexico.com\",\"description\":\"\",\"publisher\":{\"@id\":\"https:\\\/\\\/braincodemexico.com\\\/#organization\"},\"potentialAction\":[{\"@type\":\"SearchAction\",\"target\":{\"@type\":\"EntryPoint\",\"urlTemplate\":\"https:\\\/\\\/braincodemexico.com\\\/?s={search_term_string}\"},\"query-input\":{\"@type\":\"PropertyValueSpecification\",\"valueRequired\":true,\"valueName\":\"search_term_string\"}}],\"inLanguage\":\"en-US\"},{\"@type\":\"Organization\",\"@id\":\"https:\\\/\\\/braincodemexico.com\\\/#organization\",\"name\":\"braincodemexico.com\",\"url\":\"https:\\\/\\\/braincodemexico.com\\\/\",\"logo\":{\"@type\":\"ImageObject\",\"inLanguage\":\"en-US\",\"@id\":\"https:\\\/\\\/braincodemexico.com\\\/#\\\/schema\\\/logo\\\/image\\\/\",\"url\":\"https:\\\/\\\/braincodemexico.com\\\/wp-content\\\/uploads\\\/2024\\\/02\\\/cropped-logo-braincode.png\",\"contentUrl\":\"https:\\\/\\\/braincodemexico.com\\\/wp-content\\\/uploads\\\/2024\\\/02\\\/cropped-logo-braincode.png\",\"width\":1400,\"height\":400,\"caption\":\"braincodemexico.com\"},\"image\":{\"@id\":\"https:\\\/\\\/braincodemexico.com\\\/#\\\/schema\\\/logo\\\/image\\\/\"}}]}<\/script>\n<!-- \/ Yoast SEO plugin. -->","yoast_head_json":{"title":"Tratamiento de Terapia de Neurofeedback para el TDAH - braincodemexico.com","robots":{"index":"index","follow":"follow","max-snippet":"max-snippet:-1","max-image-preview":"max-image-preview:large","max-video-preview":"max-video-preview:-1"},"canonical":"https:\/\/braincodemexico.com\/en\/tdah\/","og_locale":"en_US","og_type":"article","og_title":"Tratamiento de Terapia de Neurofeedback para el TDAH - braincodemexico.com","og_description":"Trastorno por D\u00e9ficit de Atenci\u00f3n e Hiperactividad (TDAH) El Trastorno por D\u00e9ficit de Atenci\u00f3n e Hiperactividad (TDAH) se manifiesta en un patr\u00f3n persistente de dificultades para mantener la atenci\u00f3n, hiperactividad y comportamientos impulsivos. Los s\u00edntomas incluyen una incapacidad para concentrarse tanto en tareas prolongadas como en detalles, presentar inquietud y distracci\u00f3n excesiva, interrupciones frecuentes, olvidar [&hellip;]","og_url":"https:\/\/braincodemexico.com\/en\/tdah\/","og_site_name":"braincodemexico.com","article_modified_time":"2024-08-13T20:13:41+00:00","twitter_card":"summary_large_image","twitter_misc":{"Est. reading time":"2 minutes"},"schema":{"@context":"https:\/\/schema.org","@graph":[{"@type":"WebPage","@id":"https:\/\/braincodemexico.com\/tdah\/","url":"https:\/\/braincodemexico.com\/tdah\/","name":"Tratamiento de Terapia de Neurofeedback para el TDAH - braincodemexico.com","isPartOf":{"@id":"https:\/\/braincodemexico.com\/#website"},"datePublished":"2024-02-03T22:24:23+00:00","dateModified":"2024-08-13T20:13:41+00:00","breadcrumb":{"@id":"https:\/\/braincodemexico.com\/tdah\/#breadcrumb"},"inLanguage":"en-US","potentialAction":[{"@type":"ReadAction","target":["https:\/\/braincodemexico.com\/tdah\/"]}]},{"@type":"BreadcrumbList","@id":"https:\/\/braincodemexico.com\/tdah\/#breadcrumb","itemListElement":[{"@type":"ListItem","position":1,"name":"Inicio","item":"https:\/\/braincodemexico.com\/"},{"@type":"ListItem","position":2,"name":"Tratamiento de Terapia de Neurofeedback para el TDAH"}]},{"@type":"WebSite","@id":"https:\/\/braincodemexico.com\/#website","url":"https:\/\/braincodemexico.com\/","name":"braincodemexico.com","description":"","publisher":{"@id":"https:\/\/braincodemexico.com\/#organization"},"potentialAction":[{"@type":"SearchAction","target":{"@type":"EntryPoint","urlTemplate":"https:\/\/braincodemexico.com\/?s={search_term_string}"},"query-input":{"@type":"PropertyValueSpecification","valueRequired":true,"valueName":"search_term_string"}}],"inLanguage":"en-US"},{"@type":"Organization","@id":"https:\/\/braincodemexico.com\/#organization","name":"braincodemexico.com","url":"https:\/\/braincodemexico.com\/","logo":{"@type":"ImageObject","inLanguage":"en-US","@id":"https:\/\/braincodemexico.com\/#\/schema\/logo\/image\/","url":"https:\/\/braincodemexico.com\/wp-content\/uploads\/2024\/02\/cropped-logo-braincode.png","contentUrl":"https:\/\/braincodemexico.com\/wp-content\/uploads\/2024\/02\/cropped-logo-braincode.png","width":1400,"height":400,"caption":"braincodemexico.com"},"image":{"@id":"https:\/\/braincodemexico.com\/#\/schema\/logo\/image\/"}}]}},"_links":{"self":[{"href":"https:\/\/braincodemexico.com\/en\/wp-json\/wp\/v2\/pages\/201","targetHints":{"allow":["GET"]}}],"collection":[{"href":"https:\/\/braincodemexico.com\/en\/wp-json\/wp\/v2\/pages"}],"about":[{"href":"https:\/\/braincodemexico.com\/en\/wp-json\/wp\/v2\/types\/page"}],"author":[{"embeddable":true,"href":"https:\/\/braincodemexico.com\/en\/wp-json\/wp\/v2\/users\/1"}],"replies":[{"embeddable":true,"href":"https:\/\/braincodemexico.com\/en\/wp-json\/wp\/v2\/comments?post=201"}],"version-history":[{"count":42,"href":"https:\/\/braincodemexico.com\/en\/wp-json\/wp\/v2\/pages\/201\/revisions"}],"predecessor-version":[{"id":1456,"href":"https:\/\/braincodemexico.com\/en\/wp-json\/wp\/v2\/pages\/201\/revisions\/1456"}],"wp:attachment":[{"href":"https:\/\/braincodemexico.com\/en\/wp-json\/wp\/v2\/media?parent=201"}],"curies":[{"name":"wp","href":"https:\/\/api.w.org\/{rel}","templated":true}]}}