{"id":238,"date":"2024-02-17T20:25:55","date_gmt":"2024-02-17T20:25:55","guid":{"rendered":"https:\/\/braincodemexico.com\/?page_id=238"},"modified":"2024-08-13T20:52:02","modified_gmt":"2024-08-13T20:52:02","slug":"apego","status":"publish","type":"page","link":"https:\/\/braincodemexico.com\/en\/apego\/","title":{"rendered":"Dependent personality disorder"},"content":{"rendered":"\t\t<div data-elementor-type=\"wp-post\" data-elementor-id=\"238\" class=\"elementor elementor-238\" data-elementor-post-type=\"page\">\n\t\t\t\t<div class=\"elementor-element elementor-element-1069a04 e-flex e-con-boxed e-con e-parent\" data-id=\"1069a04\" data-element_type=\"container\" data-e-type=\"container\" data-settings=\"{&quot;background_background&quot;:&quot;classic&quot;}\">\n\t\t\t\t\t<div class=\"e-con-inner\">\n\t\t<div class=\"elementor-element elementor-element-5a5a18b e-con-full e-flex e-con e-child\" data-id=\"5a5a18b\" data-element_type=\"container\" data-e-type=\"container\">\n\t\t\t\t<div class=\"elementor-element elementor-element-8c157b3 elementor-widget elementor-widget-spacer\" data-id=\"8c157b3\" data-element_type=\"widget\" data-e-type=\"widget\" data-widget_type=\"spacer.default\">\n\t\t\t\t<div class=\"elementor-widget-container\">\n\t\t\t\t\t\t\t<div class=\"elementor-spacer\">\n\t\t\t<div class=\"elementor-spacer-inner\"><\/div>\n\t\t<\/div>\n\t\t\t\t\t\t<\/div>\n\t\t\t\t<\/div>\n\t\t\t\t<div class=\"elementor-element elementor-element-fe49ea6 elementor-widget elementor-widget-heading\" data-id=\"fe49ea6\" data-element_type=\"widget\" data-e-type=\"widget\" data-widget_type=\"heading.default\">\n\t\t\t\t<div class=\"elementor-widget-container\">\n\t\t\t\t\t<h2 class=\"elementor-heading-title elementor-size-default\">Trastornos de Personalidad<\/h2>\t\t\t\t<\/div>\n\t\t\t\t<\/div>\n\t\t\t\t<div class=\"elementor-element elementor-element-5e03d01 elementor-widget elementor-widget-spacer\" data-id=\"5e03d01\" data-element_type=\"widget\" data-e-type=\"widget\" data-widget_type=\"spacer.default\">\n\t\t\t\t<div class=\"elementor-widget-container\">\n\t\t\t\t\t\t\t<div class=\"elementor-spacer\">\n\t\t\t<div class=\"elementor-spacer-inner\"><\/div>\n\t\t<\/div>\n\t\t\t\t\t\t<\/div>\n\t\t\t\t<\/div>\n\t\t\t\t<\/div>\n\t\t<div class=\"elementor-element elementor-element-cd12bd0 e-con-full e-flex e-con e-child\" data-id=\"cd12bd0\" data-element_type=\"container\" data-e-type=\"container\">\n\t\t\t\t<\/div>\n\t\t\t\t\t<\/div>\n\t\t\t\t<\/div>\n\t\t<div class=\"elementor-element elementor-element-d992cd0 e-flex e-con-boxed e-con e-parent\" data-id=\"d992cd0\" data-element_type=\"container\" data-e-type=\"container\">\n\t\t\t\t\t<div class=\"e-con-inner\">\n\t\t\t\t<div class=\"elementor-element elementor-element-7316d93 elementor-widget elementor-widget-text-editor\" data-id=\"7316d93\" data-element_type=\"widget\" data-e-type=\"widget\" data-widget_type=\"text-editor.default\">\n\t\t\t\t<div class=\"elementor-widget-container\">\n\t\t\t\t\t\t\t\t\t<p><span style=\"font-weight: 400;\">Los trastornos de personalidad son patrones de pensamiento, sentimiento y comportamiento inflexibles que afectan muchas veces de manera negativa la forma en que una persona se relaciona con los dem\u00e1s y maneja las situaciones y emociones de la vida diaria, lo que puede llevar a patrones poco funcionales en la vida personal, laboral, etc.. Algunos ejemplos incluyen:\u00a0<\/span><\/p>\n<p>\u00a0<\/p>\n<ol>\n<li style=\"font-weight: 400;\" aria-level=\"1\"><b>Trastorno L\u00edmite de la Personalidad (TLP):<\/b><span style=\"font-weight: 400;\"> caracterizado por cambios bruscos de humor, impulsividad y dificultades para regular emociones, relaciones interpersonales turbulentas, y una autoimagen inestable.\u00a0<\/span><\/li>\n<li style=\"font-weight: 400;\" aria-level=\"1\"><b>Trastorno Dependiente de la Personalidad:<\/b><span style=\"font-weight: 400;\"> manifestado en una necesidad intensa de ser cuidado por otros, lo que lleva a comportamientos sumisos, miedo a la separaci\u00f3n y dificultades para tomar decisiones.<\/span><\/li>\n<li style=\"font-weight: 400;\" aria-level=\"1\"><b>Trastorno Reactivo del Apego:<\/b><span style=\"font-weight: 400;\"> a menudo observado en la infancia, este trastorno se caracteriza por una incapacidad persistente para formar v\u00ednculos emocionales seguros con los cuidadores. Esto puede llevar a problemas en la regulaci\u00f3n emocional y en la capacidad para establecer relaciones saludables.<\/span><\/li>\n<\/ol>\t\t\t\t\t\t\t\t<\/div>\n\t\t\t\t<\/div>\n\t\t\t\t\t<\/div>\n\t\t\t\t<\/div>\n\t\t<div class=\"elementor-element elementor-element-0b2318e e-flex e-con-boxed e-con e-parent\" data-id=\"0b2318e\" data-element_type=\"container\" data-e-type=\"container\" data-settings=\"{&quot;background_background&quot;:&quot;classic&quot;}\">\n\t\t\t\t\t<div class=\"e-con-inner\">\n\t\t<div class=\"elementor-element elementor-element-93e9f03 e-con-full e-flex e-con e-child\" data-id=\"93e9f03\" data-element_type=\"container\" data-e-type=\"container\">\n\t\t\t\t<div class=\"elementor-element elementor-element-0d8344d elementor-widget elementor-widget-heading\" data-id=\"0d8344d\" data-element_type=\"widget\" data-e-type=\"widget\" data-widget_type=\"heading.default\">\n\t\t\t\t<div class=\"elementor-widget-container\">\n\t\t\t\t\t<h3 class=\"elementor-heading-title elementor-size-default\">Neurofeedback para los Trastornos de Personalidad:\n<\/h3>\t\t\t\t<\/div>\n\t\t\t\t<\/div>\n\t\t\t\t<\/div>\n\t\t<div class=\"elementor-element elementor-element-9f438bd e-con-full e-flex e-con e-child\" data-id=\"9f438bd\" data-element_type=\"container\" data-e-type=\"container\">\n\t\t<div class=\"elementor-element elementor-element-55c5f14 e-con-full e-flex e-con e-child\" data-id=\"55c5f14\" data-element_type=\"container\" data-e-type=\"container\">\n\t\t\t\t<div class=\"elementor-element elementor-element-9472de8 elementor-widget elementor-widget-text-editor\" data-id=\"9472de8\" data-element_type=\"widget\" data-e-type=\"widget\" data-widget_type=\"text-editor.default\">\n\t\t\t\t<div class=\"elementor-widget-container\">\n\t\t\t\t\t\t\t\t\t<div class=\"flex-1 overflow-hidden\">\n<div class=\"react-scroll-to-bottom--css-ehbsw-79elbk h-full\">\n<div class=\"react-scroll-to-bottom--css-ehbsw-1n7m0yu\">\n<div class=\"flex flex-col text-sm pb-9\">\n<div class=\"w-full text-token-text-primary\" data-testid=\"conversation-turn-13\">\n<div class=\"px-4 py-2 justify-center text-base md:gap-6 m-auto\">\n<div class=\"flex flex-1 text-base mx-auto gap-3 md:px-5 lg:px-1 xl:px-5 md:max-w-3xl lg:max-w-[40rem] xl:max-w-[48rem] group final-completion\">\n<div class=\"relative flex w-full flex-col agent-turn\">\n<div class=\"flex-col gap-1 md:gap-3\">\n<div class=\"flex flex-grow flex-col max-w-full\">\n<div class=\"min-h-[20px] text-message flex flex-col items-start gap-3 whitespace-pre-wrap break-words [.text-message+&amp;]:mt-5 overflow-x-auto\" data-message-author-role=\"assistant\" data-message-id=\"2eeddc1d-413c-46f7-8483-2b40cf1e23fc\">\n<div class=\"markdown prose w-full break-words dark:prose-invert dark\">\n<p><span style=\"font-weight: 400;\">El neurofeedback es beneficioso para los trastornos de personalidad al trabajar para equilibrar la actividad en las \u00e1reas del cerebro responsables de la regulaci\u00f3n emocional, el procesamiento social, la auto-regulaci\u00f3n y manejo de situaciones estresantes.\u00a0 Al entrenar el cerebro, se puede mejorar la calidad de las relaciones interpersonales, del procesamiento de los eventos cotidianos y mejorar la calidad de vida.\u00a0<\/span><\/p>\n<\/div>\n<\/div>\n<\/div>\n<\/div>\n<\/div>\n<\/div>\n<\/div>\n<\/div>\n<\/div>\n<\/div>\n<\/div>\n<\/div>\t\t\t\t\t\t\t\t<\/div>\n\t\t\t\t<\/div>\n\t\t\t\t<\/div>\n\t\t<div class=\"elementor-element elementor-element-ab83322 e-con-full e-flex e-con e-child\" data-id=\"ab83322\" data-element_type=\"container\" data-e-type=\"container\">\n\t\t\t\t<\/div>\n\t\t\t\t<\/div>\n\t\t\t\t\t<\/div>\n\t\t\t\t<\/div>\n\t\t\t\t<\/div>\n\t\t","protected":false},"excerpt":{"rendered":"<p>Trastornos de Personalidad Los trastornos de personalidad son patrones de pensamiento, sentimiento y comportamiento inflexibles que afectan muchas veces de manera negativa la forma en que una persona se relaciona con los dem\u00e1s y maneja las situaciones y emociones de la vida diaria, lo que puede llevar a patrones poco funcionales en la vida personal, [&hellip;]<\/p>\n","protected":false},"author":1,"featured_media":0,"parent":0,"menu_order":0,"comment_status":"closed","ping_status":"closed","template":"","meta":{"_joinchat":[],"footnotes":""},"class_list":["post-238","page","type-page","status-publish","hentry"],"yoast_head":"<!-- This site is optimized with the Yoast SEO plugin v27.4 - https:\/\/yoast.com\/product\/yoast-seo-wordpress\/ -->\n<title>Trastorno de personalidad dependiente - braincodemexico.com<\/title>\n<meta name=\"robots\" content=\"index, follow, max-snippet:-1, max-image-preview:large, max-video-preview:-1\" \/>\n<link rel=\"canonical\" href=\"https:\/\/braincodemexico.com\/en\/apego\/\" \/>\n<meta property=\"og:locale\" content=\"en_US\" \/>\n<meta property=\"og:type\" content=\"article\" \/>\n<meta property=\"og:title\" content=\"Trastorno de personalidad dependiente - braincodemexico.com\" \/>\n<meta property=\"og:description\" content=\"Trastornos de Personalidad Los trastornos de personalidad son patrones de pensamiento, sentimiento y comportamiento inflexibles que afectan muchas veces de manera negativa la forma en que una persona se relaciona con los dem\u00e1s y maneja las situaciones y emociones de la vida diaria, lo que puede llevar a patrones poco funcionales en la vida personal, [&hellip;]\" \/>\n<meta property=\"og:url\" content=\"https:\/\/braincodemexico.com\/en\/apego\/\" \/>\n<meta property=\"og:site_name\" content=\"braincodemexico.com\" \/>\n<meta property=\"article:modified_time\" content=\"2024-08-13T20:52:02+00:00\" \/>\n<meta name=\"twitter:card\" content=\"summary_large_image\" \/>\n<meta name=\"twitter:label1\" content=\"Est. reading time\" \/>\n\t<meta name=\"twitter:data1\" content=\"2 minutes\" \/>\n<script type=\"application\/ld+json\" class=\"yoast-schema-graph\">{\"@context\":\"https:\\\/\\\/schema.org\",\"@graph\":[{\"@type\":\"WebPage\",\"@id\":\"https:\\\/\\\/braincodemexico.com\\\/apego\\\/\",\"url\":\"https:\\\/\\\/braincodemexico.com\\\/apego\\\/\",\"name\":\"Trastorno de personalidad dependiente - braincodemexico.com\",\"isPartOf\":{\"@id\":\"https:\\\/\\\/braincodemexico.com\\\/#website\"},\"datePublished\":\"2024-02-17T20:25:55+00:00\",\"dateModified\":\"2024-08-13T20:52:02+00:00\",\"breadcrumb\":{\"@id\":\"https:\\\/\\\/braincodemexico.com\\\/apego\\\/#breadcrumb\"},\"inLanguage\":\"en-US\",\"potentialAction\":[{\"@type\":\"ReadAction\",\"target\":[\"https:\\\/\\\/braincodemexico.com\\\/apego\\\/\"]}]},{\"@type\":\"BreadcrumbList\",\"@id\":\"https:\\\/\\\/braincodemexico.com\\\/apego\\\/#breadcrumb\",\"itemListElement\":[{\"@type\":\"ListItem\",\"position\":1,\"name\":\"Inicio\",\"item\":\"https:\\\/\\\/braincodemexico.com\\\/\"},{\"@type\":\"ListItem\",\"position\":2,\"name\":\"Trastorno de personalidad dependiente\"}]},{\"@type\":\"WebSite\",\"@id\":\"https:\\\/\\\/braincodemexico.com\\\/#website\",\"url\":\"https:\\\/\\\/braincodemexico.com\\\/\",\"name\":\"braincodemexico.com\",\"description\":\"\",\"publisher\":{\"@id\":\"https:\\\/\\\/braincodemexico.com\\\/#organization\"},\"potentialAction\":[{\"@type\":\"SearchAction\",\"target\":{\"@type\":\"EntryPoint\",\"urlTemplate\":\"https:\\\/\\\/braincodemexico.com\\\/?s={search_term_string}\"},\"query-input\":{\"@type\":\"PropertyValueSpecification\",\"valueRequired\":true,\"valueName\":\"search_term_string\"}}],\"inLanguage\":\"en-US\"},{\"@type\":\"Organization\",\"@id\":\"https:\\\/\\\/braincodemexico.com\\\/#organization\",\"name\":\"braincodemexico.com\",\"url\":\"https:\\\/\\\/braincodemexico.com\\\/\",\"logo\":{\"@type\":\"ImageObject\",\"inLanguage\":\"en-US\",\"@id\":\"https:\\\/\\\/braincodemexico.com\\\/#\\\/schema\\\/logo\\\/image\\\/\",\"url\":\"https:\\\/\\\/braincodemexico.com\\\/wp-content\\\/uploads\\\/2024\\\/02\\\/cropped-logo-braincode.png\",\"contentUrl\":\"https:\\\/\\\/braincodemexico.com\\\/wp-content\\\/uploads\\\/2024\\\/02\\\/cropped-logo-braincode.png\",\"width\":1400,\"height\":400,\"caption\":\"braincodemexico.com\"},\"image\":{\"@id\":\"https:\\\/\\\/braincodemexico.com\\\/#\\\/schema\\\/logo\\\/image\\\/\"}}]}<\/script>\n<!-- \/ Yoast SEO plugin. -->","yoast_head_json":{"title":"Trastorno de personalidad dependiente - braincodemexico.com","robots":{"index":"index","follow":"follow","max-snippet":"max-snippet:-1","max-image-preview":"max-image-preview:large","max-video-preview":"max-video-preview:-1"},"canonical":"https:\/\/braincodemexico.com\/en\/apego\/","og_locale":"en_US","og_type":"article","og_title":"Trastorno de personalidad dependiente - braincodemexico.com","og_description":"Trastornos de Personalidad Los trastornos de personalidad son patrones de pensamiento, sentimiento y comportamiento inflexibles que afectan muchas veces de manera negativa la forma en que una persona se relaciona con los dem\u00e1s y maneja las situaciones y emociones de la vida diaria, lo que puede llevar a patrones poco funcionales en la vida personal, [&hellip;]","og_url":"https:\/\/braincodemexico.com\/en\/apego\/","og_site_name":"braincodemexico.com","article_modified_time":"2024-08-13T20:52:02+00:00","twitter_card":"summary_large_image","twitter_misc":{"Est. reading time":"2 minutes"},"schema":{"@context":"https:\/\/schema.org","@graph":[{"@type":"WebPage","@id":"https:\/\/braincodemexico.com\/apego\/","url":"https:\/\/braincodemexico.com\/apego\/","name":"Trastorno de personalidad dependiente - braincodemexico.com","isPartOf":{"@id":"https:\/\/braincodemexico.com\/#website"},"datePublished":"2024-02-17T20:25:55+00:00","dateModified":"2024-08-13T20:52:02+00:00","breadcrumb":{"@id":"https:\/\/braincodemexico.com\/apego\/#breadcrumb"},"inLanguage":"en-US","potentialAction":[{"@type":"ReadAction","target":["https:\/\/braincodemexico.com\/apego\/"]}]},{"@type":"BreadcrumbList","@id":"https:\/\/braincodemexico.com\/apego\/#breadcrumb","itemListElement":[{"@type":"ListItem","position":1,"name":"Inicio","item":"https:\/\/braincodemexico.com\/"},{"@type":"ListItem","position":2,"name":"Trastorno de personalidad dependiente"}]},{"@type":"WebSite","@id":"https:\/\/braincodemexico.com\/#website","url":"https:\/\/braincodemexico.com\/","name":"braincodemexico.com","description":"","publisher":{"@id":"https:\/\/braincodemexico.com\/#organization"},"potentialAction":[{"@type":"SearchAction","target":{"@type":"EntryPoint","urlTemplate":"https:\/\/braincodemexico.com\/?s={search_term_string}"},"query-input":{"@type":"PropertyValueSpecification","valueRequired":true,"valueName":"search_term_string"}}],"inLanguage":"en-US"},{"@type":"Organization","@id":"https:\/\/braincodemexico.com\/#organization","name":"braincodemexico.com","url":"https:\/\/braincodemexico.com\/","logo":{"@type":"ImageObject","inLanguage":"en-US","@id":"https:\/\/braincodemexico.com\/#\/schema\/logo\/image\/","url":"https:\/\/braincodemexico.com\/wp-content\/uploads\/2024\/02\/cropped-logo-braincode.png","contentUrl":"https:\/\/braincodemexico.com\/wp-content\/uploads\/2024\/02\/cropped-logo-braincode.png","width":1400,"height":400,"caption":"braincodemexico.com"},"image":{"@id":"https:\/\/braincodemexico.com\/#\/schema\/logo\/image\/"}}]}},"_links":{"self":[{"href":"https:\/\/braincodemexico.com\/en\/wp-json\/wp\/v2\/pages\/238","targetHints":{"allow":["GET"]}}],"collection":[{"href":"https:\/\/braincodemexico.com\/en\/wp-json\/wp\/v2\/pages"}],"about":[{"href":"https:\/\/braincodemexico.com\/en\/wp-json\/wp\/v2\/types\/page"}],"author":[{"embeddable":true,"href":"https:\/\/braincodemexico.com\/en\/wp-json\/wp\/v2\/users\/1"}],"replies":[{"embeddable":true,"href":"https:\/\/braincodemexico.com\/en\/wp-json\/wp\/v2\/comments?post=238"}],"version-history":[{"count":32,"href":"https:\/\/braincodemexico.com\/en\/wp-json\/wp\/v2\/pages\/238\/revisions"}],"predecessor-version":[{"id":1485,"href":"https:\/\/braincodemexico.com\/en\/wp-json\/wp\/v2\/pages\/238\/revisions\/1485"}],"wp:attachment":[{"href":"https:\/\/braincodemexico.com\/en\/wp-json\/wp\/v2\/media?parent=238"}],"curies":[{"name":"wp","href":"https:\/\/api.w.org\/{rel}","templated":true}]}}