{"id":268,"date":"2024-02-17T22:22:37","date_gmt":"2024-02-17T22:22:37","guid":{"rendered":"https:\/\/braincodemexico.com\/?page_id=268"},"modified":"2024-08-13T20:22:24","modified_gmt":"2024-08-13T20:22:24","slug":"memoria","status":"publish","type":"page","link":"https:\/\/braincodemexico.com\/en\/memoria\/","title":{"rendered":"Memory"},"content":{"rendered":"<div data-elementor-type=\"wp-post\" data-elementor-id=\"268\" class=\"elementor elementor-268\" data-elementor-post-type=\"page\">\n\t\t\t\t<div class=\"elementor-element elementor-element-1069a04 e-flex e-con-boxed e-con e-parent\" data-id=\"1069a04\" data-element_type=\"container\" data-e-type=\"container\" data-settings=\"{&quot;background_background&quot;:&quot;classic&quot;}\">\n\t\t\t\t\t<div class=\"e-con-inner\">\n\t\t<div class=\"elementor-element elementor-element-5a5a18b e-con-full e-flex e-con e-child\" data-id=\"5a5a18b\" data-element_type=\"container\" data-e-type=\"container\">\n\t\t\t\t<div class=\"elementor-element elementor-element-8c157b3 elementor-widget elementor-widget-spacer\" data-id=\"8c157b3\" data-element_type=\"widget\" data-e-type=\"widget\" data-widget_type=\"spacer.default\">\n\t\t\t\t<div class=\"elementor-widget-container\">\n\t\t\t\t\t\t\t<div class=\"elementor-spacer\">\n\t\t\t<div class=\"elementor-spacer-inner\"><\/div>\n\t\t<\/div>\n\t\t\t\t\t\t<\/div>\n\t\t\t\t<\/div>\n\t\t\t\t<div class=\"elementor-element elementor-element-fe49ea6 elementor-widget elementor-widget-heading\" data-id=\"fe49ea6\" data-element_type=\"widget\" data-e-type=\"widget\" data-widget_type=\"heading.default\">\n\t\t\t\t<div class=\"elementor-widget-container\">\n\t\t\t\t\t<h2 class=\"elementor-heading-title elementor-size-default\">Memory<\/h2>\t\t\t\t<\/div>\n\t\t\t\t<\/div>\n\t\t\t\t<div class=\"elementor-element elementor-element-5e03d01 elementor-widget elementor-widget-spacer\" data-id=\"5e03d01\" data-element_type=\"widget\" data-e-type=\"widget\" data-widget_type=\"spacer.default\">\n\t\t\t\t<div class=\"elementor-widget-container\">\n\t\t\t\t\t\t\t<div class=\"elementor-spacer\">\n\t\t\t<div class=\"elementor-spacer-inner\"><\/div>\n\t\t<\/div>\n\t\t\t\t\t\t<\/div>\n\t\t\t\t<\/div>\n\t\t\t\t<\/div>\n\t\t<div class=\"elementor-element elementor-element-cd12bd0 e-con-full e-flex e-con e-child\" data-id=\"cd12bd0\" data-element_type=\"container\" data-e-type=\"container\">\n\t\t\t\t<\/div>\n\t\t\t\t\t<\/div>\n\t\t\t\t<\/div>\n\t\t<div class=\"elementor-element elementor-element-522a8fd e-flex e-con-boxed e-con e-parent\" data-id=\"522a8fd\" data-element_type=\"container\" data-e-type=\"container\">\n\t\t\t\t\t<div class=\"e-con-inner\">\n\t\t\t\t<div class=\"elementor-element elementor-element-7316d93 elementor-widget__width-initial elementor-widget elementor-widget-text-editor\" data-id=\"7316d93\" data-element_type=\"widget\" data-e-type=\"widget\" data-widget_type=\"text-editor.default\">\n\t\t\t\t<div class=\"elementor-widget-container\">\n\t\t\t\t\t\t\t\t\t<p><span style=\"font-weight: 400;\">The memory is critical for learning, recall information and perform daily tasks effectively. The ability to retain new information, to remember past events and execute tasks that require memory can be affected by various factors, including stress, aging, brain injury and neurological disorders.<\/span><\/p><p><span style=\"font-weight: 400;\">One of the neurological disorders most commonly affects the memory is Alzheimer&#039;s disease. This degenerative disorder of progressive damages the neurons, which leads to a gradual loss of memory and other cognitive functions. The initial symptoms can include memory problems, and difficulty remembering recent information, which over time can progress to severe confusion and loss of the ability to perform familiar tasks. Although there is no definitive cure for Alzheimer&#039;s disease, early intervention, and strategies such as neurofeedback may offer significant benefits in the management of symptoms.<\/span><\/p>\t\t\t\t\t\t\t\t<\/div>\n\t\t\t\t<\/div>\n\t\t\t\t\t<\/div>\n\t\t\t\t<\/div>\n\t\t<div class=\"elementor-element elementor-element-3e96295 e-flex e-con-boxed e-con e-parent\" data-id=\"3e96295\" data-element_type=\"container\" data-e-type=\"container\" data-settings=\"{&quot;background_background&quot;:&quot;classic&quot;}\">\n\t\t\t\t\t<div class=\"e-con-inner\">\n\t\t\t\t<div class=\"elementor-element elementor-element-0d8344d elementor-widget elementor-widget-heading\" data-id=\"0d8344d\" data-element_type=\"widget\" data-e-type=\"widget\" data-widget_type=\"heading.default\">\n\t\t\t\t<div class=\"elementor-widget-container\">\n\t\t\t\t\t<h3 class=\"elementor-heading-title elementor-size-default\">Neurofedback for the memory <\/h3>\t\t\t\t<\/div>\n\t\t\t\t<\/div>\n\t\t<div class=\"elementor-element elementor-element-96bf632 e-flex e-con-boxed e-con e-child\" data-id=\"96bf632\" data-element_type=\"container\" data-e-type=\"container\">\n\t\t\t\t\t<div class=\"e-con-inner\">\n\t\t<div class=\"elementor-element elementor-element-931b891 e-flex e-con-boxed e-con e-child\" data-id=\"931b891\" data-element_type=\"container\" data-e-type=\"container\">\n\t\t\t\t\t<div class=\"e-con-inner\">\n\t\t\t\t<div class=\"elementor-element elementor-element-9472de8 elementor-widget elementor-widget-text-editor\" data-id=\"9472de8\" data-element_type=\"widget\" data-e-type=\"widget\" data-widget_type=\"text-editor.default\">\n\t\t\t\t<div class=\"elementor-widget-container\">\n\t\t\t\t\t\t\t\t\t<p><span style=\"font-weight: 400;\">Neurofeedback is very effective for improving memory to train the brain in the areas involved in memory and learning, which can help to improve the ability to recall and retain information from experiences and knowledge, consolidate, and retrieve information. In the context of diseases such as Alzheimer&#039;s, neurofeedback provides additional support is very valuable. Although it does not stop the progression of the disease, slows the progression of the deterioration of the memory, helps to improve the quality of life of patients by optimizing brain function remaining and to support other cognitive skills. This approach can be a complementary tool effective in a comprehensive program of treatment.<\/span><\/p>\t\t\t\t\t\t\t\t<\/div>\n\t\t\t\t<\/div>\n\t\t\t\t\t<\/div>\n\t\t\t\t<\/div>\n\t\t<div class=\"elementor-element elementor-element-f50ee51 e-con-full e-flex e-con e-child\" data-id=\"f50ee51\" data-element_type=\"container\" data-e-type=\"container\">\n\t\t\t\t<\/div>\n\t\t\t\t\t<\/div>\n\t\t\t\t<\/div>\n\t\t\t\t<div class=\"elementor-element elementor-element-f82467b elementor-widget elementor-widget-spacer\" data-id=\"f82467b\" data-element_type=\"widget\" data-e-type=\"widget\" data-widget_type=\"spacer.default\">\n\t\t\t\t<div class=\"elementor-widget-container\">\n\t\t\t\t\t\t\t<div class=\"elementor-spacer\">\n\t\t\t<div class=\"elementor-spacer-inner\"><\/div>\n\t\t<\/div>\n\t\t\t\t\t\t<\/div>\n\t\t\t\t<\/div>\n\t\t\t\t\t<\/div>\n\t\t\t\t<\/div>\n\t\t\t\t<\/div>","protected":false},"excerpt":{"rendered":"<p>Memoria La memoria es fundamental para aprender, recordar informaci\u00f3n y realizar tareas diarias con eficacia. La capacidad de retener nueva informaci\u00f3n, recordar eventos pasados y ejecutar tareas que requieren memoria puede verse afectada por diversos factores, entre ellos, el estr\u00e9s, el envejecimiento, lesiones cerebrales y trastornos neurol\u00f3gicos. Uno de los trastornos neurol\u00f3gicos m\u00e1s comunes que [&hellip;]<\/p>\n","protected":false},"author":1,"featured_media":0,"parent":0,"menu_order":0,"comment_status":"closed","ping_status":"closed","template":"","meta":{"_joinchat":[],"footnotes":""},"class_list":["post-268","page","type-page","status-publish","hentry"],"yoast_head":"<!-- This site is optimized with the Yoast SEO plugin v27.4 - https:\/\/yoast.com\/product\/yoast-seo-wordpress\/ -->\n<title>Memoria - braincodemexico.com<\/title>\n<meta name=\"robots\" content=\"index, follow, max-snippet:-1, max-image-preview:large, max-video-preview:-1\" \/>\n<link rel=\"canonical\" href=\"https:\/\/braincodemexico.com\/en\/memoria\/\" \/>\n<meta property=\"og:locale\" content=\"en_US\" \/>\n<meta property=\"og:type\" content=\"article\" \/>\n<meta property=\"og:title\" content=\"Memoria - braincodemexico.com\" \/>\n<meta property=\"og:description\" content=\"Memoria La memoria es fundamental para aprender, recordar informaci\u00f3n y realizar tareas diarias con eficacia. La capacidad de retener nueva informaci\u00f3n, recordar eventos pasados y ejecutar tareas que requieren memoria puede verse afectada por diversos factores, entre ellos, el estr\u00e9s, el envejecimiento, lesiones cerebrales y trastornos neurol\u00f3gicos. Uno de los trastornos neurol\u00f3gicos m\u00e1s comunes que [&hellip;]\" \/>\n<meta property=\"og:url\" content=\"https:\/\/braincodemexico.com\/en\/memoria\/\" \/>\n<meta property=\"og:site_name\" content=\"braincodemexico.com\" \/>\n<meta property=\"article:modified_time\" content=\"2024-08-13T20:22:24+00:00\" \/>\n<meta name=\"twitter:card\" content=\"summary_large_image\" \/>\n<meta name=\"twitter:label1\" content=\"Est. reading time\" \/>\n\t<meta name=\"twitter:data1\" content=\"2 minutes\" \/>\n<script type=\"application\/ld+json\" class=\"yoast-schema-graph\">{\"@context\":\"https:\\\/\\\/schema.org\",\"@graph\":[{\"@type\":\"WebPage\",\"@id\":\"https:\\\/\\\/braincodemexico.com\\\/memoria\\\/\",\"url\":\"https:\\\/\\\/braincodemexico.com\\\/memoria\\\/\",\"name\":\"Memoria - braincodemexico.com\",\"isPartOf\":{\"@id\":\"https:\\\/\\\/braincodemexico.com\\\/#website\"},\"datePublished\":\"2024-02-17T22:22:37+00:00\",\"dateModified\":\"2024-08-13T20:22:24+00:00\",\"breadcrumb\":{\"@id\":\"https:\\\/\\\/braincodemexico.com\\\/memoria\\\/#breadcrumb\"},\"inLanguage\":\"en-US\",\"potentialAction\":[{\"@type\":\"ReadAction\",\"target\":[\"https:\\\/\\\/braincodemexico.com\\\/memoria\\\/\"]}]},{\"@type\":\"BreadcrumbList\",\"@id\":\"https:\\\/\\\/braincodemexico.com\\\/memoria\\\/#breadcrumb\",\"itemListElement\":[{\"@type\":\"ListItem\",\"position\":1,\"name\":\"Inicio\",\"item\":\"https:\\\/\\\/braincodemexico.com\\\/\"},{\"@type\":\"ListItem\",\"position\":2,\"name\":\"Memoria\"}]},{\"@type\":\"WebSite\",\"@id\":\"https:\\\/\\\/braincodemexico.com\\\/#website\",\"url\":\"https:\\\/\\\/braincodemexico.com\\\/\",\"name\":\"braincodemexico.com\",\"description\":\"\",\"publisher\":{\"@id\":\"https:\\\/\\\/braincodemexico.com\\\/#organization\"},\"potentialAction\":[{\"@type\":\"SearchAction\",\"target\":{\"@type\":\"EntryPoint\",\"urlTemplate\":\"https:\\\/\\\/braincodemexico.com\\\/?s={search_term_string}\"},\"query-input\":{\"@type\":\"PropertyValueSpecification\",\"valueRequired\":true,\"valueName\":\"search_term_string\"}}],\"inLanguage\":\"en-US\"},{\"@type\":\"Organization\",\"@id\":\"https:\\\/\\\/braincodemexico.com\\\/#organization\",\"name\":\"braincodemexico.com\",\"url\":\"https:\\\/\\\/braincodemexico.com\\\/\",\"logo\":{\"@type\":\"ImageObject\",\"inLanguage\":\"en-US\",\"@id\":\"https:\\\/\\\/braincodemexico.com\\\/#\\\/schema\\\/logo\\\/image\\\/\",\"url\":\"https:\\\/\\\/braincodemexico.com\\\/wp-content\\\/uploads\\\/2024\\\/02\\\/cropped-logo-braincode.png\",\"contentUrl\":\"https:\\\/\\\/braincodemexico.com\\\/wp-content\\\/uploads\\\/2024\\\/02\\\/cropped-logo-braincode.png\",\"width\":1400,\"height\":400,\"caption\":\"braincodemexico.com\"},\"image\":{\"@id\":\"https:\\\/\\\/braincodemexico.com\\\/#\\\/schema\\\/logo\\\/image\\\/\"}}]}<\/script>\n<!-- \/ Yoast SEO plugin. -->","yoast_head_json":{"title":"Memoria - braincodemexico.com","robots":{"index":"index","follow":"follow","max-snippet":"max-snippet:-1","max-image-preview":"max-image-preview:large","max-video-preview":"max-video-preview:-1"},"canonical":"https:\/\/braincodemexico.com\/en\/memoria\/","og_locale":"en_US","og_type":"article","og_title":"Memoria - braincodemexico.com","og_description":"Memoria La memoria es fundamental para aprender, recordar informaci\u00f3n y realizar tareas diarias con eficacia. La capacidad de retener nueva informaci\u00f3n, recordar eventos pasados y ejecutar tareas que requieren memoria puede verse afectada por diversos factores, entre ellos, el estr\u00e9s, el envejecimiento, lesiones cerebrales y trastornos neurol\u00f3gicos. Uno de los trastornos neurol\u00f3gicos m\u00e1s comunes que [&hellip;]","og_url":"https:\/\/braincodemexico.com\/en\/memoria\/","og_site_name":"braincodemexico.com","article_modified_time":"2024-08-13T20:22:24+00:00","twitter_card":"summary_large_image","twitter_misc":{"Est. reading time":"2 minutes"},"schema":{"@context":"https:\/\/schema.org","@graph":[{"@type":"WebPage","@id":"https:\/\/braincodemexico.com\/memoria\/","url":"https:\/\/braincodemexico.com\/memoria\/","name":"Memoria - braincodemexico.com","isPartOf":{"@id":"https:\/\/braincodemexico.com\/#website"},"datePublished":"2024-02-17T22:22:37+00:00","dateModified":"2024-08-13T20:22:24+00:00","breadcrumb":{"@id":"https:\/\/braincodemexico.com\/memoria\/#breadcrumb"},"inLanguage":"en-US","potentialAction":[{"@type":"ReadAction","target":["https:\/\/braincodemexico.com\/memoria\/"]}]},{"@type":"BreadcrumbList","@id":"https:\/\/braincodemexico.com\/memoria\/#breadcrumb","itemListElement":[{"@type":"ListItem","position":1,"name":"Inicio","item":"https:\/\/braincodemexico.com\/"},{"@type":"ListItem","position":2,"name":"Memoria"}]},{"@type":"WebSite","@id":"https:\/\/braincodemexico.com\/#website","url":"https:\/\/braincodemexico.com\/","name":"braincodemexico.com","description":"","publisher":{"@id":"https:\/\/braincodemexico.com\/#organization"},"potentialAction":[{"@type":"SearchAction","target":{"@type":"EntryPoint","urlTemplate":"https:\/\/braincodemexico.com\/?s={search_term_string}"},"query-input":{"@type":"PropertyValueSpecification","valueRequired":true,"valueName":"search_term_string"}}],"inLanguage":"en-US"},{"@type":"Organization","@id":"https:\/\/braincodemexico.com\/#organization","name":"braincodemexico.com","url":"https:\/\/braincodemexico.com\/","logo":{"@type":"ImageObject","inLanguage":"en-US","@id":"https:\/\/braincodemexico.com\/#\/schema\/logo\/image\/","url":"https:\/\/braincodemexico.com\/wp-content\/uploads\/2024\/02\/cropped-logo-braincode.png","contentUrl":"https:\/\/braincodemexico.com\/wp-content\/uploads\/2024\/02\/cropped-logo-braincode.png","width":1400,"height":400,"caption":"braincodemexico.com"},"image":{"@id":"https:\/\/braincodemexico.com\/#\/schema\/logo\/image\/"}}]}},"_links":{"self":[{"href":"https:\/\/braincodemexico.com\/en\/wp-json\/wp\/v2\/pages\/268","targetHints":{"allow":["GET"]}}],"collection":[{"href":"https:\/\/braincodemexico.com\/en\/wp-json\/wp\/v2\/pages"}],"about":[{"href":"https:\/\/braincodemexico.com\/en\/wp-json\/wp\/v2\/types\/page"}],"author":[{"embeddable":true,"href":"https:\/\/braincodemexico.com\/en\/wp-json\/wp\/v2\/users\/1"}],"replies":[{"embeddable":true,"href":"https:\/\/braincodemexico.com\/en\/wp-json\/wp\/v2\/comments?post=268"}],"version-history":[{"count":31,"href":"https:\/\/braincodemexico.com\/en\/wp-json\/wp\/v2\/pages\/268\/revisions"}],"predecessor-version":[{"id":1465,"href":"https:\/\/braincodemexico.com\/en\/wp-json\/wp\/v2\/pages\/268\/revisions\/1465"}],"wp:attachment":[{"href":"https:\/\/braincodemexico.com\/en\/wp-json\/wp\/v2\/media?parent=268"}],"curies":[{"name":"wp","href":"https:\/\/api.w.org\/{rel}","templated":true}]}}