{"id":326,"date":"2024-02-17T23:41:41","date_gmt":"2024-02-17T23:41:41","guid":{"rendered":"https:\/\/braincodemexico.com\/?page_id=326"},"modified":"2024-08-13T20:26:15","modified_gmt":"2024-08-13T20:26:15","slug":"conmocion-cerebral","status":"publish","type":"page","link":"https:\/\/braincodemexico.com\/en\/conmocion-cerebral\/","title":{"rendered":"Concussion"},"content":{"rendered":"<div data-elementor-type=\"wp-post\" data-elementor-id=\"326\" class=\"elementor elementor-326\" data-elementor-post-type=\"page\">\n\t\t\t\t<div class=\"elementor-element elementor-element-1069a04 e-flex e-con-boxed e-con e-parent\" data-id=\"1069a04\" data-element_type=\"container\" data-e-type=\"container\" data-settings=\"{&quot;background_background&quot;:&quot;classic&quot;}\">\n\t\t\t\t\t<div class=\"e-con-inner\">\n\t\t<div class=\"elementor-element elementor-element-5a5a18b e-con-full e-flex e-con e-child\" data-id=\"5a5a18b\" data-element_type=\"container\" data-e-type=\"container\">\n\t\t\t\t<div class=\"elementor-element elementor-element-8c157b3 elementor-widget elementor-widget-spacer\" data-id=\"8c157b3\" data-element_type=\"widget\" data-e-type=\"widget\" data-widget_type=\"spacer.default\">\n\t\t\t\t<div class=\"elementor-widget-container\">\n\t\t\t\t\t\t\t<div class=\"elementor-spacer\">\n\t\t\t<div class=\"elementor-spacer-inner\"><\/div>\n\t\t<\/div>\n\t\t\t\t\t\t<\/div>\n\t\t\t\t<\/div>\n\t\t\t\t<div class=\"elementor-element elementor-element-fe49ea6 elementor-widget elementor-widget-heading\" data-id=\"fe49ea6\" data-element_type=\"widget\" data-e-type=\"widget\" data-widget_type=\"heading.default\">\n\t\t\t\t<div class=\"elementor-widget-container\">\n\t\t\t\t\t<h2 class=\"elementor-heading-title elementor-size-default\">Brain Injury<\/h2>\t\t\t\t<\/div>\n\t\t\t\t<\/div>\n\t\t\t\t<div class=\"elementor-element elementor-element-5e03d01 elementor-widget elementor-widget-spacer\" data-id=\"5e03d01\" data-element_type=\"widget\" data-e-type=\"widget\" data-widget_type=\"spacer.default\">\n\t\t\t\t<div class=\"elementor-widget-container\">\n\t\t\t\t\t\t\t<div class=\"elementor-spacer\">\n\t\t\t<div class=\"elementor-spacer-inner\"><\/div>\n\t\t<\/div>\n\t\t\t\t\t\t<\/div>\n\t\t\t\t<\/div>\n\t\t\t\t<\/div>\n\t\t<div class=\"elementor-element elementor-element-cd12bd0 e-con-full e-flex e-con e-child\" data-id=\"cd12bd0\" data-element_type=\"container\" data-e-type=\"container\">\n\t\t\t\t<\/div>\n\t\t\t\t\t<\/div>\n\t\t\t\t<\/div>\n\t\t<div class=\"elementor-element elementor-element-7bbb971 e-flex e-con-boxed e-con e-parent\" data-id=\"7bbb971\" data-element_type=\"container\" data-e-type=\"container\">\n\t\t\t\t\t<div class=\"e-con-inner\">\n\t\t\t\t<div class=\"elementor-element elementor-element-7316d93 elementor-widget__width-initial elementor-widget elementor-widget-text-editor\" data-id=\"7316d93\" data-element_type=\"widget\" data-e-type=\"widget\" data-widget_type=\"text-editor.default\">\n\t\t\t\t<div class=\"elementor-widget-container\">\n\t\t\t\t\t\t\t\t\t<p><span style=\"font-weight: 400;\">Brain injuries can result from trauma or a strong shock to the head, accident, or disease, and may affect different cognitive functions and motor. Some types of injuries include contusions, hemorrhages, strokes, brain tumors, injuries, post-surgical, injury, poisoning, among others. Whatever the injury, it is a <\/span><span style=\"font-weight: 400;\">serious medical emergency that causes primary brain damage at the time of the impact and brain injury secondary to the time. Despite the inherent ability of the brain to heal, some damage post-conmocionales are so severe that the brain tissue is damaged and can cause symptoms that vary widely, ranging from problems in cognitive abilities even in personality traits, <\/span><span style=\"font-weight: 400;\">difficulties in the control of motor, sensory, and language.<\/span><\/p>\t\t\t\t\t\t\t\t<\/div>\n\t\t\t\t<\/div>\n\t\t\t\t\t<\/div>\n\t\t\t\t<\/div>\n\t\t<div class=\"elementor-element elementor-element-afafcd0 e-flex e-con-boxed e-con e-parent\" data-id=\"afafcd0\" data-element_type=\"container\" data-e-type=\"container\" data-settings=\"{&quot;background_background&quot;:&quot;classic&quot;}\">\n\t\t\t\t\t<div class=\"e-con-inner\">\n\t\t\t\t<div class=\"elementor-element elementor-element-0d8344d elementor-widget elementor-widget-heading\" data-id=\"0d8344d\" data-element_type=\"widget\" data-e-type=\"widget\" data-widget_type=\"heading.default\">\n\t\t\t\t<div class=\"elementor-widget-container\">\n\t\t\t\t\t<h3 class=\"elementor-heading-title elementor-size-default\">Neurofeedback for Brain Lesions:<\/h3>\t\t\t\t<\/div>\n\t\t\t\t<\/div>\n\t\t<div class=\"elementor-element elementor-element-0d10fdc e-flex e-con-boxed e-con e-child\" data-id=\"0d10fdc\" data-element_type=\"container\" data-e-type=\"container\">\n\t\t\t\t\t<div class=\"e-con-inner\">\n\t\t<div class=\"elementor-element elementor-element-939ceca e-flex e-con-boxed e-con e-child\" data-id=\"939ceca\" data-element_type=\"container\" data-e-type=\"container\">\n\t\t\t\t\t<div class=\"e-con-inner\">\n\t\t\t\t<div class=\"elementor-element elementor-element-9472de8 elementor-widget elementor-widget-text-editor\" data-id=\"9472de8\" data-element_type=\"widget\" data-e-type=\"widget\" data-widget_type=\"text-editor.default\">\n\t\t\t\t<div class=\"elementor-widget-container\">\n\t\t\t\t\t\t\t\t\t<p><span style=\"font-weight: 400;\">Neurofeedback can be a valuable tool in the rehabilitation of any of the brain injury to help restore brain function and improve neuroplasticity. This approach works to optimize the activity in the affected areas of the brain, supporting the recovery of cognitive abilities, emotional, linguistic, and motor. To promote a better regulation of the brain, neurofeedback speeds up the process of rehabilitation and improving the quality of life of those who have suffered a brain injury.<\/span><\/p>\t\t\t\t\t\t\t\t<\/div>\n\t\t\t\t<\/div>\n\t\t\t\t\t<\/div>\n\t\t\t\t<\/div>\n\t\t<div class=\"elementor-element elementor-element-aaa69ef e-con-full e-flex e-con e-child\" data-id=\"aaa69ef\" data-element_type=\"container\" data-e-type=\"container\">\n\t\t\t\t<\/div>\n\t\t\t\t\t<\/div>\n\t\t\t\t<\/div>\n\t\t\t\t\t<\/div>\n\t\t\t\t<\/div>\n\t\t\t\t<\/div>","protected":false},"excerpt":{"rendered":"<p>Lesiones Cerebrales Las lesiones cerebrales pueden resultar de traumatismos o golpes fuertes en la cabeza, accidentes o enfermedades y pueden afectar diversas funciones cognitivas y motoras. Algunos tipos de lesiones incluyen contusiones, hemorragias, infartos cerebrales, tumores cerebrales, lesiones post-quir\u00fargicas, lesiones por intoxicaci\u00f3n, entre otras. Sea cual sea la lesi\u00f3n, se trata de una emergencia m\u00e9dica [&hellip;]<\/p>\n","protected":false},"author":1,"featured_media":0,"parent":0,"menu_order":0,"comment_status":"closed","ping_status":"closed","template":"","meta":{"_joinchat":[],"footnotes":""},"class_list":["post-326","page","type-page","status-publish","hentry"],"yoast_head":"<!-- This site is optimized with the Yoast SEO plugin v27.4 - https:\/\/yoast.com\/product\/yoast-seo-wordpress\/ -->\n<title>Conmoci\u00f3n cerebral - braincodemexico.com<\/title>\n<meta name=\"robots\" content=\"index, follow, max-snippet:-1, max-image-preview:large, max-video-preview:-1\" \/>\n<link rel=\"canonical\" href=\"https:\/\/braincodemexico.com\/en\/conmocion-cerebral\/\" \/>\n<meta property=\"og:locale\" content=\"en_US\" \/>\n<meta property=\"og:type\" content=\"article\" \/>\n<meta property=\"og:title\" content=\"Conmoci\u00f3n cerebral - braincodemexico.com\" \/>\n<meta property=\"og:description\" content=\"Lesiones Cerebrales Las lesiones cerebrales pueden resultar de traumatismos o golpes fuertes en la cabeza, accidentes o enfermedades y pueden afectar diversas funciones cognitivas y motoras. Algunos tipos de lesiones incluyen contusiones, hemorragias, infartos cerebrales, tumores cerebrales, lesiones post-quir\u00fargicas, lesiones por intoxicaci\u00f3n, entre otras. Sea cual sea la lesi\u00f3n, se trata de una emergencia m\u00e9dica [&hellip;]\" \/>\n<meta property=\"og:url\" content=\"https:\/\/braincodemexico.com\/en\/conmocion-cerebral\/\" \/>\n<meta property=\"og:site_name\" content=\"braincodemexico.com\" \/>\n<meta property=\"article:modified_time\" content=\"2024-08-13T20:26:15+00:00\" \/>\n<meta name=\"twitter:card\" content=\"summary_large_image\" \/>\n<meta name=\"twitter:label1\" content=\"Est. reading time\" \/>\n\t<meta name=\"twitter:data1\" content=\"1 minute\" \/>\n<script type=\"application\/ld+json\" class=\"yoast-schema-graph\">{\"@context\":\"https:\\\/\\\/schema.org\",\"@graph\":[{\"@type\":\"WebPage\",\"@id\":\"https:\\\/\\\/braincodemexico.com\\\/conmocion-cerebral\\\/\",\"url\":\"https:\\\/\\\/braincodemexico.com\\\/conmocion-cerebral\\\/\",\"name\":\"Conmoci\u00f3n cerebral - braincodemexico.com\",\"isPartOf\":{\"@id\":\"https:\\\/\\\/braincodemexico.com\\\/#website\"},\"datePublished\":\"2024-02-17T23:41:41+00:00\",\"dateModified\":\"2024-08-13T20:26:15+00:00\",\"breadcrumb\":{\"@id\":\"https:\\\/\\\/braincodemexico.com\\\/conmocion-cerebral\\\/#breadcrumb\"},\"inLanguage\":\"en-US\",\"potentialAction\":[{\"@type\":\"ReadAction\",\"target\":[\"https:\\\/\\\/braincodemexico.com\\\/conmocion-cerebral\\\/\"]}]},{\"@type\":\"BreadcrumbList\",\"@id\":\"https:\\\/\\\/braincodemexico.com\\\/conmocion-cerebral\\\/#breadcrumb\",\"itemListElement\":[{\"@type\":\"ListItem\",\"position\":1,\"name\":\"Inicio\",\"item\":\"https:\\\/\\\/braincodemexico.com\\\/\"},{\"@type\":\"ListItem\",\"position\":2,\"name\":\"Conmoci\u00f3n cerebral\"}]},{\"@type\":\"WebSite\",\"@id\":\"https:\\\/\\\/braincodemexico.com\\\/#website\",\"url\":\"https:\\\/\\\/braincodemexico.com\\\/\",\"name\":\"braincodemexico.com\",\"description\":\"\",\"publisher\":{\"@id\":\"https:\\\/\\\/braincodemexico.com\\\/#organization\"},\"potentialAction\":[{\"@type\":\"SearchAction\",\"target\":{\"@type\":\"EntryPoint\",\"urlTemplate\":\"https:\\\/\\\/braincodemexico.com\\\/?s={search_term_string}\"},\"query-input\":{\"@type\":\"PropertyValueSpecification\",\"valueRequired\":true,\"valueName\":\"search_term_string\"}}],\"inLanguage\":\"en-US\"},{\"@type\":\"Organization\",\"@id\":\"https:\\\/\\\/braincodemexico.com\\\/#organization\",\"name\":\"braincodemexico.com\",\"url\":\"https:\\\/\\\/braincodemexico.com\\\/\",\"logo\":{\"@type\":\"ImageObject\",\"inLanguage\":\"en-US\",\"@id\":\"https:\\\/\\\/braincodemexico.com\\\/#\\\/schema\\\/logo\\\/image\\\/\",\"url\":\"https:\\\/\\\/braincodemexico.com\\\/wp-content\\\/uploads\\\/2024\\\/02\\\/cropped-logo-braincode.png\",\"contentUrl\":\"https:\\\/\\\/braincodemexico.com\\\/wp-content\\\/uploads\\\/2024\\\/02\\\/cropped-logo-braincode.png\",\"width\":1400,\"height\":400,\"caption\":\"braincodemexico.com\"},\"image\":{\"@id\":\"https:\\\/\\\/braincodemexico.com\\\/#\\\/schema\\\/logo\\\/image\\\/\"}}]}<\/script>\n<!-- \/ Yoast SEO plugin. -->","yoast_head_json":{"title":"Conmoci\u00f3n cerebral - braincodemexico.com","robots":{"index":"index","follow":"follow","max-snippet":"max-snippet:-1","max-image-preview":"max-image-preview:large","max-video-preview":"max-video-preview:-1"},"canonical":"https:\/\/braincodemexico.com\/en\/conmocion-cerebral\/","og_locale":"en_US","og_type":"article","og_title":"Conmoci\u00f3n cerebral - braincodemexico.com","og_description":"Lesiones Cerebrales Las lesiones cerebrales pueden resultar de traumatismos o golpes fuertes en la cabeza, accidentes o enfermedades y pueden afectar diversas funciones cognitivas y motoras. Algunos tipos de lesiones incluyen contusiones, hemorragias, infartos cerebrales, tumores cerebrales, lesiones post-quir\u00fargicas, lesiones por intoxicaci\u00f3n, entre otras. Sea cual sea la lesi\u00f3n, se trata de una emergencia m\u00e9dica [&hellip;]","og_url":"https:\/\/braincodemexico.com\/en\/conmocion-cerebral\/","og_site_name":"braincodemexico.com","article_modified_time":"2024-08-13T20:26:15+00:00","twitter_card":"summary_large_image","twitter_misc":{"Est. reading time":"1 minute"},"schema":{"@context":"https:\/\/schema.org","@graph":[{"@type":"WebPage","@id":"https:\/\/braincodemexico.com\/conmocion-cerebral\/","url":"https:\/\/braincodemexico.com\/conmocion-cerebral\/","name":"Conmoci\u00f3n cerebral - braincodemexico.com","isPartOf":{"@id":"https:\/\/braincodemexico.com\/#website"},"datePublished":"2024-02-17T23:41:41+00:00","dateModified":"2024-08-13T20:26:15+00:00","breadcrumb":{"@id":"https:\/\/braincodemexico.com\/conmocion-cerebral\/#breadcrumb"},"inLanguage":"en-US","potentialAction":[{"@type":"ReadAction","target":["https:\/\/braincodemexico.com\/conmocion-cerebral\/"]}]},{"@type":"BreadcrumbList","@id":"https:\/\/braincodemexico.com\/conmocion-cerebral\/#breadcrumb","itemListElement":[{"@type":"ListItem","position":1,"name":"Inicio","item":"https:\/\/braincodemexico.com\/"},{"@type":"ListItem","position":2,"name":"Conmoci\u00f3n cerebral"}]},{"@type":"WebSite","@id":"https:\/\/braincodemexico.com\/#website","url":"https:\/\/braincodemexico.com\/","name":"braincodemexico.com","description":"","publisher":{"@id":"https:\/\/braincodemexico.com\/#organization"},"potentialAction":[{"@type":"SearchAction","target":{"@type":"EntryPoint","urlTemplate":"https:\/\/braincodemexico.com\/?s={search_term_string}"},"query-input":{"@type":"PropertyValueSpecification","valueRequired":true,"valueName":"search_term_string"}}],"inLanguage":"en-US"},{"@type":"Organization","@id":"https:\/\/braincodemexico.com\/#organization","name":"braincodemexico.com","url":"https:\/\/braincodemexico.com\/","logo":{"@type":"ImageObject","inLanguage":"en-US","@id":"https:\/\/braincodemexico.com\/#\/schema\/logo\/image\/","url":"https:\/\/braincodemexico.com\/wp-content\/uploads\/2024\/02\/cropped-logo-braincode.png","contentUrl":"https:\/\/braincodemexico.com\/wp-content\/uploads\/2024\/02\/cropped-logo-braincode.png","width":1400,"height":400,"caption":"braincodemexico.com"},"image":{"@id":"https:\/\/braincodemexico.com\/#\/schema\/logo\/image\/"}}]}},"_links":{"self":[{"href":"https:\/\/braincodemexico.com\/en\/wp-json\/wp\/v2\/pages\/326","targetHints":{"allow":["GET"]}}],"collection":[{"href":"https:\/\/braincodemexico.com\/en\/wp-json\/wp\/v2\/pages"}],"about":[{"href":"https:\/\/braincodemexico.com\/en\/wp-json\/wp\/v2\/types\/page"}],"author":[{"embeddable":true,"href":"https:\/\/braincodemexico.com\/en\/wp-json\/wp\/v2\/users\/1"}],"replies":[{"embeddable":true,"href":"https:\/\/braincodemexico.com\/en\/wp-json\/wp\/v2\/comments?post=326"}],"version-history":[{"count":25,"href":"https:\/\/braincodemexico.com\/en\/wp-json\/wp\/v2\/pages\/326\/revisions"}],"predecessor-version":[{"id":1477,"href":"https:\/\/braincodemexico.com\/en\/wp-json\/wp\/v2\/pages\/326\/revisions\/1477"}],"wp:attachment":[{"href":"https:\/\/braincodemexico.com\/en\/wp-json\/wp\/v2\/media?parent=326"}],"curies":[{"name":"wp","href":"https:\/\/api.w.org\/{rel}","templated":true}]}}