{"id":424,"date":"2024-02-18T21:38:09","date_gmt":"2024-02-18T21:38:09","guid":{"rendered":"https:\/\/braincodemexico.com\/?page_id=424"},"modified":"2024-02-18T21:42:32","modified_gmt":"2024-02-18T21:42:32","slug":"blog","status":"publish","type":"page","link":"https:\/\/braincodemexico.com\/en\/blog\/","title":{"rendered":"Blog"},"content":{"rendered":"<div data-elementor-type=\"wp-page\" data-elementor-id=\"424\" class=\"elementor elementor-424\" data-elementor-post-type=\"page\">\n\t\t\t\t<div class=\"elementor-element elementor-element-c9e7275 e-flex e-con-boxed e-con e-parent\" data-id=\"c9e7275\" data-element_type=\"container\" data-e-type=\"container\" data-settings=\"{&quot;background_background&quot;:&quot;classic&quot;}\">\n\t\t\t\t\t<div class=\"e-con-inner\">\n\t\t<div class=\"elementor-element elementor-element-1da6419 e-con-full e-flex e-con e-child\" data-id=\"1da6419\" data-element_type=\"container\" data-e-type=\"container\">\n\t\t\t\t<div class=\"elementor-element elementor-element-e90b8c1 elementor-widget elementor-widget-spacer\" data-id=\"e90b8c1\" data-element_type=\"widget\" data-e-type=\"widget\" data-widget_type=\"spacer.default\">\n\t\t\t\t<div class=\"elementor-widget-container\">\n\t\t\t\t\t\t\t<div class=\"elementor-spacer\">\n\t\t\t<div class=\"elementor-spacer-inner\"><\/div>\n\t\t<\/div>\n\t\t\t\t\t\t<\/div>\n\t\t\t\t<\/div>\n\t\t\t\t<div class=\"elementor-element elementor-element-3d2e328 elementor-widget elementor-widget-heading\" data-id=\"3d2e328\" data-element_type=\"widget\" data-e-type=\"widget\" data-widget_type=\"heading.default\">\n\t\t\t\t<div class=\"elementor-widget-container\">\n\t\t\t\t\t<h2 class=\"elementor-heading-title elementor-size-default\">Blog<\/h2>\t\t\t\t<\/div>\n\t\t\t\t<\/div>\n\t\t\t\t<div class=\"elementor-element elementor-element-f4296d2 elementor-widget elementor-widget-spacer\" data-id=\"f4296d2\" data-element_type=\"widget\" data-e-type=\"widget\" data-widget_type=\"spacer.default\">\n\t\t\t\t<div class=\"elementor-widget-container\">\n\t\t\t\t\t\t\t<div class=\"elementor-spacer\">\n\t\t\t<div class=\"elementor-spacer-inner\"><\/div>\n\t\t<\/div>\n\t\t\t\t\t\t<\/div>\n\t\t\t\t<\/div>\n\t\t\t\t<\/div>\n\t\t<div class=\"elementor-element elementor-element-42f8072 e-con-full e-flex e-con e-child\" data-id=\"42f8072\" data-element_type=\"container\" data-e-type=\"container\">\n\t\t\t\t<\/div>\n\t\t\t\t\t<\/div>\n\t\t\t\t<\/div>\n\t\t<div class=\"elementor-element elementor-element-22fbb49 e-flex e-con-boxed e-con e-parent\" data-id=\"22fbb49\" data-element_type=\"container\" data-e-type=\"container\">\n\t\t\t\t\t<div class=\"e-con-inner\">\n\t\t\t\t<div class=\"elementor-element elementor-element-5ec9561 elementor-grid-3 elementor-grid-tablet-2 elementor-grid-mobile-1 elementor-posts--thumbnail-top elementor-widget elementor-widget-posts\" data-id=\"5ec9561\" data-element_type=\"widget\" data-e-type=\"widget\" data-settings=\"{&quot;classic_columns&quot;:&quot;3&quot;,&quot;classic_columns_tablet&quot;:&quot;2&quot;,&quot;classic_columns_mobile&quot;:&quot;1&quot;,&quot;classic_row_gap&quot;:{&quot;unit&quot;:&quot;px&quot;,&quot;size&quot;:35,&quot;sizes&quot;:[]},&quot;classic_row_gap_tablet&quot;:{&quot;unit&quot;:&quot;px&quot;,&quot;size&quot;:&quot;&quot;,&quot;sizes&quot;:[]},&quot;classic_row_gap_mobile&quot;:{&quot;unit&quot;:&quot;px&quot;,&quot;size&quot;:&quot;&quot;,&quot;sizes&quot;:[]}}\" data-widget_type=\"posts.classic\">\n\t\t\t\t<div class=\"elementor-widget-container\">\n\t\t\t\t\t\t\t<div class=\"elementor-posts-container elementor-posts elementor-posts--skin-classic elementor-grid\" role=\"list\">\r\n\t\t\t\t<article class=\"elementor-post elementor-grid-item post-548 post type-post status-publish format-standard has-post-thumbnail hentry category-blog\" role=\"listitem\">\r\n\t\t\t\t<a class=\"elementor-post__thumbnail__link\" href=\"https:\/\/braincodemexico.com\/en\/como-la-terapia-de-ansiedad-puede-ayudarle-a-prosperar\/\" tabindex=\"-1\" >\r\n\t\t\t<div class=\"elementor-post__thumbnail\"><img fetchpriority=\"high\" decoding=\"async\" width=\"200\" height=\"300\" src=\"https:\/\/braincodemexico.com\/wp-content\/uploads\/2024\/02\/mujer-enferma-dolor-cabeza-sentada-sofa-casa-tomando-pastillas-tratamiento-medico-fiebre-dolor-gripe-fria-persona-enfermedades-problemas-salud-que-padecen-migrana-padecen-sintomas-virus-200x300.jpg\" class=\"attachment-medium size-medium wp-image-311\" alt=\"\" srcset=\"https:\/\/braincodemexico.com\/wp-content\/uploads\/2024\/02\/mujer-enferma-dolor-cabeza-sentada-sofa-casa-tomando-pastillas-tratamiento-medico-fiebre-dolor-gripe-fria-persona-enfermedades-problemas-salud-que-padecen-migrana-padecen-sintomas-virus-200x300.jpg 200w, https:\/\/braincodemexico.com\/wp-content\/uploads\/2024\/02\/mujer-enferma-dolor-cabeza-sentada-sofa-casa-tomando-pastillas-tratamiento-medico-fiebre-dolor-gripe-fria-persona-enfermedades-problemas-salud-que-padecen-migrana-padecen-sintomas-virus-682x1024.jpg 682w, https:\/\/braincodemexico.com\/wp-content\/uploads\/2024\/02\/mujer-enferma-dolor-cabeza-sentada-sofa-casa-tomando-pastillas-tratamiento-medico-fiebre-dolor-gripe-fria-persona-enfermedades-problemas-salud-que-padecen-migrana-padecen-sintomas-virus-768x1152.jpg 768w, https:\/\/braincodemexico.com\/wp-content\/uploads\/2024\/02\/mujer-enferma-dolor-cabeza-sentada-sofa-casa-tomando-pastillas-tratamiento-medico-fiebre-dolor-gripe-fria-persona-enfermedades-problemas-salud-que-padecen-migrana-padecen-sintomas-virus.jpg 827w\" sizes=\"(max-width: 200px) 100vw, 200px\" \/><\/div>\r\n\t\t<\/a>\r\n\t\t\t\t<div class=\"elementor-post__text\">\r\n\t\t\t\t<h3 class=\"elementor-post__title\">\r\n\t\t\t<a href=\"https:\/\/braincodemexico.com\/en\/como-la-terapia-de-ansiedad-puede-ayudarle-a-prosperar\/\" >\r\n\t\t\t\tC\u00f3mo la terapia de ansiedad puede ayudarle a prosperar\t\t\t<\/a>\r\n\t\t<\/h3>\r\n\t\t\t\t<div class=\"elementor-post__meta-data\">\r\n\t\t\t\t\t<span class=\"elementor-post-date\">\r\n\t\t\t19 February, 2024\t\t<\/span>\r\n\t\t\t\t<span class=\"elementor-post-avatar\">\r\n\t\t\tNo Comments\t\t<\/span>\r\n\t\t\t\t<\/div>\r\n\t\t\t\t<div class=\"elementor-post__excerpt\">\r\n\t\t\t<p>Vivir con ansiedad puede ser incre\u00edblemente desafiante y afectar todos los \u00e1mbitos de la vida, incluidas las relaciones, el trabajo y el bienestar general. Esta<\/p>\n\t\t<\/div>\r\n\t\t\r\n\t\t<a class=\"elementor-post__read-more\" href=\"https:\/\/braincodemexico.com\/en\/como-la-terapia-de-ansiedad-puede-ayudarle-a-prosperar\/\" aria-label=\"Read more about C\u00f3mo la terapia de ansiedad puede ayudarle a prosperar\" tabindex=\"-1\" >\r\n\t\t\tRead More \u00bb\t\t<\/a>\r\n\r\n\t\t\t\t<\/div>\r\n\t\t\t\t<\/article>\r\n\t\t\t\t<article class=\"elementor-post elementor-grid-item post-545 post type-post status-publish format-standard has-post-thumbnail hentry category-blog\" role=\"listitem\">\r\n\t\t\t\t<a class=\"elementor-post__thumbnail__link\" href=\"https:\/\/braincodemexico.com\/en\/terapia-de-trauma-en-highlands-ranch-un-camino-hacia-la-recuperacion\/\" tabindex=\"-1\" >\r\n\t\t\t<div class=\"elementor-post__thumbnail\"><img decoding=\"async\" width=\"300\" height=\"200\" src=\"https:\/\/braincodemexico.com\/wp-content\/uploads\/2024\/02\/hombre-masaje-estresado-puente-nasal-que-sufre-dolor-cabeza-300x200.jpg\" class=\"attachment-medium size-medium wp-image-309\" alt=\"\" srcset=\"https:\/\/braincodemexico.com\/wp-content\/uploads\/2024\/02\/hombre-masaje-estresado-puente-nasal-que-sufre-dolor-cabeza-300x200.jpg 300w, https:\/\/braincodemexico.com\/wp-content\/uploads\/2024\/02\/hombre-masaje-estresado-puente-nasal-que-sufre-dolor-cabeza-1024x683.jpg 1024w, https:\/\/braincodemexico.com\/wp-content\/uploads\/2024\/02\/hombre-masaje-estresado-puente-nasal-que-sufre-dolor-cabeza-768x512.jpg 768w, https:\/\/braincodemexico.com\/wp-content\/uploads\/2024\/02\/hombre-masaje-estresado-puente-nasal-que-sufre-dolor-cabeza.jpg 1221w\" sizes=\"(max-width: 300px) 100vw, 300px\" \/><\/div>\r\n\t\t<\/a>\r\n\t\t\t\t<div class=\"elementor-post__text\">\r\n\t\t\t\t<h3 class=\"elementor-post__title\">\r\n\t\t\t<a href=\"https:\/\/braincodemexico.com\/en\/terapia-de-trauma-en-highlands-ranch-un-camino-hacia-la-recuperacion\/\" >\r\n\t\t\t\tTerapia de trauma en Highlands Ranch: un camino hacia la recuperaci\u00f3n\t\t\t<\/a>\r\n\t\t<\/h3>\r\n\t\t\t\t<div class=\"elementor-post__meta-data\">\r\n\t\t\t\t\t<span class=\"elementor-post-date\">\r\n\t\t\t19 February, 2024\t\t<\/span>\r\n\t\t\t\t<span class=\"elementor-post-avatar\">\r\n\t\t\tNo Comments\t\t<\/span>\r\n\t\t\t\t<\/div>\r\n\t\t\t\t<div class=\"elementor-post__excerpt\">\r\n\t\t\t<p>\u00bfHas o\u00eddo hablar alguna vez de la terapia de neurofeedback? De lo contrario, es posible que se est\u00e9 perdiendo una herramienta poderosa para recuperarse de<\/p>\n\t\t<\/div>\r\n\t\t\r\n\t\t<a class=\"elementor-post__read-more\" href=\"https:\/\/braincodemexico.com\/en\/terapia-de-trauma-en-highlands-ranch-un-camino-hacia-la-recuperacion\/\" aria-label=\"Read more about Terapia de trauma en Highlands Ranch: un camino hacia la recuperaci\u00f3n\" tabindex=\"-1\" >\r\n\t\t\tRead More \u00bb\t\t<\/a>\r\n\r\n\t\t\t\t<\/div>\r\n\t\t\t\t<\/article>\r\n\t\t\t\t<article class=\"elementor-post elementor-grid-item post-541 post type-post status-publish format-standard has-post-thumbnail hentry category-blog\" role=\"listitem\">\r\n\t\t\t\t<a class=\"elementor-post__thumbnail__link\" href=\"https:\/\/braincodemexico.com\/en\/cinco-formas-en-que-el-neurofeedback-en-dallas-puede-mejorar-la-salud-mental\/\" tabindex=\"-1\" >\r\n\t\t\t<div class=\"elementor-post__thumbnail\"><img decoding=\"async\" width=\"300\" height=\"300\" src=\"https:\/\/braincodemexico.com\/wp-content\/uploads\/2024\/02\/hombre-cerebro-resaltado-300x300.jpg\" class=\"attachment-medium size-medium wp-image-366\" alt=\"\" srcset=\"https:\/\/braincodemexico.com\/wp-content\/uploads\/2024\/02\/hombre-cerebro-resaltado-300x300.jpg 300w, https:\/\/braincodemexico.com\/wp-content\/uploads\/2024\/02\/hombre-cerebro-resaltado-150x150.jpg 150w, https:\/\/braincodemexico.com\/wp-content\/uploads\/2024\/02\/hombre-cerebro-resaltado-768x768.jpg 768w, https:\/\/braincodemexico.com\/wp-content\/uploads\/2024\/02\/hombre-cerebro-resaltado.jpg 893w\" sizes=\"(max-width: 300px) 100vw, 300px\" \/><\/div>\r\n\t\t<\/a>\r\n\t\t\t\t<div class=\"elementor-post__text\">\r\n\t\t\t\t<h3 class=\"elementor-post__title\">\r\n\t\t\t<a href=\"https:\/\/braincodemexico.com\/en\/cinco-formas-en-que-el-neurofeedback-en-dallas-puede-mejorar-la-salud-mental\/\" >\r\n\t\t\t\tCinco formas en que el neurofeedback en Dallas puede mejorar la salud mental\t\t\t<\/a>\r\n\t\t<\/h3>\r\n\t\t\t\t<div class=\"elementor-post__meta-data\">\r\n\t\t\t\t\t<span class=\"elementor-post-date\">\r\n\t\t\t19 February, 2024\t\t<\/span>\r\n\t\t\t\t<span class=\"elementor-post-avatar\">\r\n\t\t\tNo Comments\t\t<\/span>\r\n\t\t\t\t<\/div>\r\n\t\t\t\t<div class=\"elementor-post__excerpt\">\r\n\t\t\t<p>Hoy en d\u00eda, los problemas de salud mental como la ansiedad, la depresi\u00f3n y el TDAH afectan a una parte importante de la poblaci\u00f3n. Con<\/p>\n\t\t<\/div>\r\n\t\t\r\n\t\t<a class=\"elementor-post__read-more\" href=\"https:\/\/braincodemexico.com\/en\/cinco-formas-en-que-el-neurofeedback-en-dallas-puede-mejorar-la-salud-mental\/\" aria-label=\"Read more about Cinco formas en que el neurofeedback en Dallas puede mejorar la salud mental\" tabindex=\"-1\" >\r\n\t\t\tRead More \u00bb\t\t<\/a>\r\n\r\n\t\t\t\t<\/div>\r\n\t\t\t\t<\/article>\r\n\t\t\t\t<article class=\"elementor-post elementor-grid-item post-10 post type-post status-publish format-standard has-post-thumbnail hentry category-blog\" role=\"listitem\">\r\n\t\t\t\t<a class=\"elementor-post__thumbnail__link\" href=\"https:\/\/braincodemexico.com\/en\/una-guia-para-la-terapia-holistica-del-tdah\/\" tabindex=\"-1\" >\r\n\t\t\t<div class=\"elementor-post__thumbnail\"><img loading=\"lazy\" decoding=\"async\" width=\"300\" height=\"200\" src=\"https:\/\/braincodemexico.com\/wp-content\/uploads\/2024\/02\/composicion-tdah-demencia-enfermedad-parkinson-tema-enfermedad-cabeza-300x200.jpg\" class=\"attachment-medium size-medium wp-image-208\" alt=\"\" srcset=\"https:\/\/braincodemexico.com\/wp-content\/uploads\/2024\/02\/composicion-tdah-demencia-enfermedad-parkinson-tema-enfermedad-cabeza-300x200.jpg 300w, https:\/\/braincodemexico.com\/wp-content\/uploads\/2024\/02\/composicion-tdah-demencia-enfermedad-parkinson-tema-enfermedad-cabeza-1024x683.jpg 1024w, https:\/\/braincodemexico.com\/wp-content\/uploads\/2024\/02\/composicion-tdah-demencia-enfermedad-parkinson-tema-enfermedad-cabeza-768x512.jpg 768w, https:\/\/braincodemexico.com\/wp-content\/uploads\/2024\/02\/composicion-tdah-demencia-enfermedad-parkinson-tema-enfermedad-cabeza.jpg 1500w\" sizes=\"(max-width: 300px) 100vw, 300px\" \/><\/div>\r\n\t\t<\/a>\r\n\t\t\t\t<div class=\"elementor-post__text\">\r\n\t\t\t\t<h3 class=\"elementor-post__title\">\r\n\t\t\t<a href=\"https:\/\/braincodemexico.com\/en\/una-guia-para-la-terapia-holistica-del-tdah\/\" >\r\n\t\t\t\tUna gu\u00eda para la terapia hol\u00edstica del TDAH\t\t\t<\/a>\r\n\t\t<\/h3>\r\n\t\t\t\t<div class=\"elementor-post__meta-data\">\r\n\t\t\t\t\t<span class=\"elementor-post-date\">\r\n\t\t\t25 January, 2024\t\t<\/span>\r\n\t\t\t\t<span class=\"elementor-post-avatar\">\r\n\t\t\tNo Comments\t\t<\/span>\r\n\t\t\t\t<\/div>\r\n\t\t\t\t<div class=\"elementor-post__excerpt\">\r\n\t\t\t<p>\u00bfTiene dificultades para controlar sus s\u00edntomas de TDAH y busca una opci\u00f3n de terapia alternativa? La terapia de neurofeedback podr\u00eda ser la soluci\u00f3n hol\u00edstica que<\/p>\n\t\t<\/div>\r\n\t\t\r\n\t\t<a class=\"elementor-post__read-more\" href=\"https:\/\/braincodemexico.com\/en\/una-guia-para-la-terapia-holistica-del-tdah\/\" aria-label=\"Read more about Una gu\u00eda para la terapia hol\u00edstica del TDAH\" tabindex=\"-1\" >\r\n\t\t\tRead More \u00bb\t\t<\/a>\r\n\r\n\t\t\t\t<\/div>\r\n\t\t\t\t<\/article>\r\n\t\t\t\t<\/div>\r\n\t\t\r\n\t\t\t\t\t\t<\/div>\n\t\t\t\t<\/div>\n\t\t\t\t\t<\/div>\n\t\t\t\t<\/div>\n\t\t\t\t<\/div>","protected":false},"excerpt":{"rendered":"<p>Blog<\/p>","protected":false},"author":1,"featured_media":0,"parent":0,"menu_order":0,"comment_status":"closed","ping_status":"closed","template":"","meta":{"_joinchat":[],"footnotes":""},"class_list":["post-424","page","type-page","status-publish","hentry"],"yoast_head":"<!-- This site is optimized with the Yoast SEO plugin v26.9 - https:\/\/yoast.com\/product\/yoast-seo-wordpress\/ -->\n<title>Blog - braincodemexico.com<\/title>\n<meta name=\"robots\" content=\"index, follow, max-snippet:-1, max-image-preview:large, max-video-preview:-1\" \/>\n<link rel=\"canonical\" href=\"https:\/\/braincodemexico.com\/en\/blog\/\" \/>\n<meta property=\"og:locale\" content=\"en_US\" \/>\n<meta property=\"og:type\" content=\"article\" \/>\n<meta property=\"og:title\" content=\"Blog - braincodemexico.com\" \/>\n<meta property=\"og:description\" content=\"Blog\" \/>\n<meta property=\"og:url\" content=\"https:\/\/braincodemexico.com\/en\/blog\/\" \/>\n<meta property=\"og:site_name\" content=\"braincodemexico.com\" \/>\n<meta property=\"article:modified_time\" content=\"2024-02-18T21:42:32+00:00\" \/>\n<meta name=\"twitter:card\" content=\"summary_large_image\" \/>\n<script type=\"application\/ld+json\" class=\"yoast-schema-graph\">{\"@context\":\"https:\/\/schema.org\",\"@graph\":[{\"@type\":\"WebPage\",\"@id\":\"https:\/\/braincodemexico.com\/blog\/\",\"url\":\"https:\/\/braincodemexico.com\/blog\/\",\"name\":\"Blog - braincodemexico.com\",\"isPartOf\":{\"@id\":\"https:\/\/braincodemexico.com\/#website\"},\"datePublished\":\"2024-02-18T21:38:09+00:00\",\"dateModified\":\"2024-02-18T21:42:32+00:00\",\"breadcrumb\":{\"@id\":\"https:\/\/braincodemexico.com\/blog\/#breadcrumb\"},\"inLanguage\":\"en-US\",\"potentialAction\":[{\"@type\":\"ReadAction\",\"target\":[\"https:\/\/braincodemexico.com\/blog\/\"]}]},{\"@type\":\"BreadcrumbList\",\"@id\":\"https:\/\/braincodemexico.com\/blog\/#breadcrumb\",\"itemListElement\":[{\"@type\":\"ListItem\",\"position\":1,\"name\":\"Inicio\",\"item\":\"https:\/\/braincodemexico.com\/\"},{\"@type\":\"ListItem\",\"position\":2,\"name\":\"Blog\"}]},{\"@type\":\"WebSite\",\"@id\":\"https:\/\/braincodemexico.com\/#website\",\"url\":\"https:\/\/braincodemexico.com\/\",\"name\":\"braincodemexico.com\",\"description\":\"\",\"publisher\":{\"@id\":\"https:\/\/braincodemexico.com\/#organization\"},\"potentialAction\":[{\"@type\":\"SearchAction\",\"target\":{\"@type\":\"EntryPoint\",\"urlTemplate\":\"https:\/\/braincodemexico.com\/?s={search_term_string}\"},\"query-input\":{\"@type\":\"PropertyValueSpecification\",\"valueRequired\":true,\"valueName\":\"search_term_string\"}}],\"inLanguage\":\"en-US\"},{\"@type\":\"Organization\",\"@id\":\"https:\/\/braincodemexico.com\/#organization\",\"name\":\"braincodemexico.com\",\"url\":\"https:\/\/braincodemexico.com\/\",\"logo\":{\"@type\":\"ImageObject\",\"inLanguage\":\"en-US\",\"@id\":\"https:\/\/braincodemexico.com\/#\/schema\/logo\/image\/\",\"url\":\"https:\/\/braincodemexico.com\/wp-content\/uploads\/2024\/02\/cropped-logo-braincode.png\",\"contentUrl\":\"https:\/\/braincodemexico.com\/wp-content\/uploads\/2024\/02\/cropped-logo-braincode.png\",\"width\":1400,\"height\":400,\"caption\":\"braincodemexico.com\"},\"image\":{\"@id\":\"https:\/\/braincodemexico.com\/#\/schema\/logo\/image\/\"}}]}<\/script>\n<!-- \/ Yoast SEO plugin. -->","yoast_head_json":{"title":"Blog - braincodemexico.com","robots":{"index":"index","follow":"follow","max-snippet":"max-snippet:-1","max-image-preview":"max-image-preview:large","max-video-preview":"max-video-preview:-1"},"canonical":"https:\/\/braincodemexico.com\/en\/blog\/","og_locale":"en_US","og_type":"article","og_title":"Blog - braincodemexico.com","og_description":"Blog","og_url":"https:\/\/braincodemexico.com\/en\/blog\/","og_site_name":"braincodemexico.com","article_modified_time":"2024-02-18T21:42:32+00:00","twitter_card":"summary_large_image","schema":{"@context":"https:\/\/schema.org","@graph":[{"@type":"WebPage","@id":"https:\/\/braincodemexico.com\/blog\/","url":"https:\/\/braincodemexico.com\/blog\/","name":"Blog - braincodemexico.com","isPartOf":{"@id":"https:\/\/braincodemexico.com\/#website"},"datePublished":"2024-02-18T21:38:09+00:00","dateModified":"2024-02-18T21:42:32+00:00","breadcrumb":{"@id":"https:\/\/braincodemexico.com\/blog\/#breadcrumb"},"inLanguage":"en-US","potentialAction":[{"@type":"ReadAction","target":["https:\/\/braincodemexico.com\/blog\/"]}]},{"@type":"BreadcrumbList","@id":"https:\/\/braincodemexico.com\/blog\/#breadcrumb","itemListElement":[{"@type":"ListItem","position":1,"name":"Inicio","item":"https:\/\/braincodemexico.com\/"},{"@type":"ListItem","position":2,"name":"Blog"}]},{"@type":"WebSite","@id":"https:\/\/braincodemexico.com\/#website","url":"https:\/\/braincodemexico.com\/","name":"braincodemexico.com","description":"","publisher":{"@id":"https:\/\/braincodemexico.com\/#organization"},"potentialAction":[{"@type":"SearchAction","target":{"@type":"EntryPoint","urlTemplate":"https:\/\/braincodemexico.com\/?s={search_term_string}"},"query-input":{"@type":"PropertyValueSpecification","valueRequired":true,"valueName":"search_term_string"}}],"inLanguage":"en-US"},{"@type":"Organization","@id":"https:\/\/braincodemexico.com\/#organization","name":"braincodemexico.com","url":"https:\/\/braincodemexico.com\/","logo":{"@type":"ImageObject","inLanguage":"en-US","@id":"https:\/\/braincodemexico.com\/#\/schema\/logo\/image\/","url":"https:\/\/braincodemexico.com\/wp-content\/uploads\/2024\/02\/cropped-logo-braincode.png","contentUrl":"https:\/\/braincodemexico.com\/wp-content\/uploads\/2024\/02\/cropped-logo-braincode.png","width":1400,"height":400,"caption":"braincodemexico.com"},"image":{"@id":"https:\/\/braincodemexico.com\/#\/schema\/logo\/image\/"}}]}},"_links":{"self":[{"href":"https:\/\/braincodemexico.com\/en\/wp-json\/wp\/v2\/pages\/424","targetHints":{"allow":["GET"]}}],"collection":[{"href":"https:\/\/braincodemexico.com\/en\/wp-json\/wp\/v2\/pages"}],"about":[{"href":"https:\/\/braincodemexico.com\/en\/wp-json\/wp\/v2\/types\/page"}],"author":[{"embeddable":true,"href":"https:\/\/braincodemexico.com\/en\/wp-json\/wp\/v2\/users\/1"}],"replies":[{"embeddable":true,"href":"https:\/\/braincodemexico.com\/en\/wp-json\/wp\/v2\/comments?post=424"}],"version-history":[{"count":7,"href":"https:\/\/braincodemexico.com\/en\/wp-json\/wp\/v2\/pages\/424\/revisions"}],"predecessor-version":[{"id":431,"href":"https:\/\/braincodemexico.com\/en\/wp-json\/wp\/v2\/pages\/424\/revisions\/431"}],"wp:attachment":[{"href":"https:\/\/braincodemexico.com\/en\/wp-json\/wp\/v2\/media?parent=424"}],"curies":[{"name":"wp","href":"https:\/\/api.w.org\/{rel}","templated":true}]}}