{"id":591,"date":"2024-02-19T06:06:08","date_gmt":"2024-02-19T06:06:08","guid":{"rendered":"https:\/\/braincodemexico.com\/?page_id=591"},"modified":"2024-02-19T06:06:08","modified_gmt":"2024-02-19T06:06:08","slug":"politica-de-privacidad","status":"publish","type":"page","link":"https:\/\/braincodemexico.com\/en\/politica-de-privacidad\/","title":{"rendered":"Privacy policy"},"content":{"rendered":"<h1 class=\"wp-block-heading\">Privacy policy<\/h1>\n\n\n\n<p>Esta pol\u00edtica de privacidad (la &#8220;Pol\u00edtica de Privacidad&#8221;) explica c\u00f3mo Braincode Centers y Braincode Remote App (&#8220;nosotros&#8221;, &#8220;nuestro&#8221; y &#8220;nos&#8221;) recopilan, utilizan, almacenan y divulgan informaci\u00f3n sobre los usuarios (&#8220;usuarios&#8221;, &#8220;usted&#8221; y \u201csu\u201d) a trav\u00e9s de nuestro software (el \u201cSoftware\u201d) y nuestras aplicaciones web y otros productos y servicios (colectivamente, los \u201cServicios\u201d) o cuando interact\u00faa de otro modo con nosotros.<\/p>\n\n\n\n<p>Al utilizar el Software o los Servicios, usted acepta los t\u00e9rminos de esta Pol\u00edtica de Privacidad y nuestros t\u00e9rminos de servicio (los &#8220;T\u00e9rminos de Servicio&#8221;), y acepta nuestra recopilaci\u00f3n, uso, divulgaci\u00f3n y retenci\u00f3n de su informaci\u00f3n como se describe en esta Pol\u00edtica de Privacidad. Pol\u00edtica. Si a\u00fan no lo ha hecho, revise tambi\u00e9n nuestros T\u00e9rminos de servicio. Los T\u00e9rminos de servicio contienen disposiciones que limitan nuestra responsabilidad hacia usted y le exigen que resuelva cualquier disputa con nosotros de forma individual y no como parte de una acci\u00f3n colectiva o representativa. Si no est\u00e1 de acuerdo con alguna parte de esta Pol\u00edtica de privacidad o nuestros T\u00e9rminos de servicio, no podr\u00e1 utilizar el Software ni ninguno de los Servicios.<\/p>\n\n\n\n<h3 class=\"wp-block-heading\">1. Recopilaci\u00f3n de informaci\u00f3n<\/h3>\n\n\n\n<p><strong>(a) Informaci\u00f3n que usted nos proporciona<\/strong><\/p>\n\n\n\n<p>Recopilamos informaci\u00f3n que usted nos proporciona directamente. Esto puede incluir:<\/p>\n\n\n\n<p>(i) informaci\u00f3n de contacto, como la direcci\u00f3n de correo electr\u00f3nico;<\/p>\n\n\n\n<p>(ii) comentarios y correspondencia, como la informaci\u00f3n que proporciona en sus respuestas a encuestas, cuando participa en actividades de investigaci\u00f3n de mercado, informa un problema con los Servicios, recibe atenci\u00f3n al cliente o se corresponde con nosotros de otro modo;<\/p>\n\n\n\n<p>(iii) informaci\u00f3n de uso, como informaci\u00f3n sobre c\u00f3mo utiliza los Servicios e interact\u00faa con nosotros; y<\/p>\n\n\n\n<p>(iv) informaci\u00f3n de marketing, como sus preferencias para recibir comunicaciones de marketing y detalles sobre c\u00f3mo interact\u00faa con ellas.<\/p>\n\n\n\n<p><strong>(b) Informaci\u00f3n recopilada autom\u00e1ticamente<\/strong><\/p>\n\n\n\n<p>Cuando accede o utiliza el Software o los Servicios, recopilamos autom\u00e1ticamente informaci\u00f3n sobre usted, que puede incluir:<\/p>\n\n\n\n<p>(i) Informaci\u00f3n de registro: podemos recopilar informaci\u00f3n de registro sobre su uso del Software y los Servicios, incluido el tipo de navegador que utiliza, los tiempos de acceso y su direcci\u00f3n IP.<\/p>\n\n\n\n<p>(ii) Informaci\u00f3n del dispositivo: podemos recopilar informaci\u00f3n sobre la computadora o el dispositivo m\u00f3vil que utiliza para acceder al Software y nuestros Servicios, incluido el modelo de hardware, el sistema operativo y la versi\u00f3n, los identificadores \u00fanicos del dispositivo y la informaci\u00f3n de la red m\u00f3vil.<\/p>\n\n\n\n<p><strong>(c) Informaci\u00f3n que recopilamos de otras fuentes<\/strong><\/p>\n\n\n\n<p>Podemos obtener informaci\u00f3n de otras fuentes, incluidos terceros, y combinarla con la informaci\u00f3n que recopilamos a trav\u00e9s del Software y los Servicios.<\/p>\n\n\n\n<h3 class=\"wp-block-heading\">2. Uso de la informaci\u00f3n<\/h3>\n\n\n\n<p>Utilizamos la informaci\u00f3n que recopilamos para permitirle acceder, utilizar y proporcionar, mantener y mejorar el Software y nuestros Servicios. Tambi\u00e9n podemos utilizar la informaci\u00f3n que recopilamos para:<\/p>\n\n\n\n<p>(i) enviarle avisos t\u00e9cnicos, actualizaciones, alertas de seguridad y mensajes administrativos y de soporte y responder a sus comentarios, preguntas y solicitudes de servicio al cliente;<\/p>\n\n\n\n<p>(ii) comunicarnos con usted sobre productos, servicios, ofertas y eventos ofrecidos por nosotros y otros, y brindarle noticias e informaci\u00f3n que creemos que ser\u00e1n de su inter\u00e9s, que pueden ser proporcionadas por cualquier medio, incluido el correo electr\u00f3nico, en -notificaciones de aplicaciones, notificaciones autom\u00e1ticas y publicidad gr\u00e1fica;<\/p>\n\n\n\n<p>(iii) personalizar su experiencia cuando utiliza el Software o los Servicios;<\/p>\n\n\n\n<p>(iv) administrar concursos, promociones, encuestas y otras funciones del Servicio;<\/p>\n\n\n\n<p>(v) monitorear y analizar tendencias, uso y actividades en relaci\u00f3n con el Software y los Servicios;<\/p>\n\n\n\n<p>(vi) cumplir con las leyes aplicables, solicitudes legales y procesos legales, incluida la respuesta a \u00f3rdenes judiciales o solicitudes de autoridades reguladoras;<\/p>\n\n\n\n<p>(vii) generar datos agregados o an\u00f3nimos y utilizar dichos datos para cualquier prop\u00f3sito legal, incluida la investigaci\u00f3n y el an\u00e1lisis; y<\/p>\n\n\n\n<p>(viii) detectar, investigar y prevenir transacciones fraudulentas y otras actividades ilegales, hacer cumplir nuestros acuerdos con los usuarios (incluidos nuestros T\u00e9rminos de servicio) y proteger nuestros derechos y propiedad y los de otros.<\/p>\n\n\n\n<h3 class=\"wp-block-heading\">3. Intercambio de informaci\u00f3n<\/h3>\n\n\n\n<p>No compartimos ni vendemos la informaci\u00f3n personal que nos proporciona con otras organizaciones sin su consentimiento expreso, excepto como se describe en esta Pol\u00edtica de Privacidad. Revelamos informaci\u00f3n personal a terceros en las siguientes circunstancias:<\/p>\n\n\n\n<p>(i) con proveedores, consultores y otros proveedores de servicios que necesitan acceso a dicha informaci\u00f3n para realizar trabajos en nuestro nombre, incluidos servicios de hosting, correo electr\u00f3nico y bases de datos;<\/p>\n\n\n\n<p>(ii) en respuesta a una solicitud de informaci\u00f3n si creemos que la divulgaci\u00f3n est\u00e1 de acuerdo con, o requerida por, cualquier ley, regulaci\u00f3n o proceso legal aplicable;<\/p>\n\n\n\n<p>(iii) si creemos que sus acciones son incompatibles con nuestros acuerdos o pol\u00edticas de usuario (incluidos nuestros T\u00e9rminos de servicio), o para proteger nuestros derechos, propiedad y nuestra seguridad o la de otros;<\/p>\n\n\n\n<p>(iv) en relaci\u00f3n con, o durante las negociaciones de, cualquier fusi\u00f3n propuesta o real, venta de activos de la empresa, financiaci\u00f3n, titulizaci\u00f3n, seguro, adquisici\u00f3n de todo o parte de nuestro negocio por parte de otra empresa, o transacci\u00f3n o procedimiento de quiebra;<\/p>\n\n\n\n<p>(v) entre nosotros y nuestras matrices, afiliadas, subsidiarias y otras empresas actuales y futuras bajo control y propiedad comunes; y<\/p>\n\n\n\n<p>(vi) Con su consentimiento o bajo su direcci\u00f3n.<\/p>\n\n\n\n<h3 class=\"wp-block-heading\">4. Seguridad<\/h3>\n\n\n\n<p>Tomamos medidas razonables para ayudar a proteger su informaci\u00f3n contra p\u00e9rdida, robo, uso indebido y acceso no autorizado, divulgaci\u00f3n, alteraci\u00f3n y destrucci\u00f3n.<\/p>\n\n\n\n<h3 class=\"wp-block-heading\">5. Retenci\u00f3n de datos<\/h3>\n\n\n\n<p>Almacenamos la informaci\u00f3n que recopilamos sobre usted durante el tiempo que sea necesario para los fines para los que la recopilamos originalmente, o para otros fines comerciales leg\u00edtimos, incluido el cumplimiento de nuestras obligaciones legales u otras obligaciones reglamentarias, prevenir fraudes, resolver disputas, solucionar problemas, ayudar con cualquier investigaci\u00f3n, hacer cumplir nuestros T\u00e9rminos de servicio y otras acciones permitidas por la ley. No existe un per\u00edodo de retenci\u00f3n \u00fanico aplicable a los distintos tipos de informaci\u00f3n personal recopilada. Comun\u00edquese con nosotros si desea eliminar cualquier informaci\u00f3n personal que tengamos sobre usted. Tambi\u00e9n nos reservamos el derecho de seguir conservando informaci\u00f3n personal sobre usted en la medida en que as\u00ed lo exija la ley, norma o reglamento.<\/p>\n\n\n\n<h3 class=\"wp-block-heading\">6. Descargo de responsabilidad sobre el intercambio de informaci\u00f3n personal en l\u00ednea<\/h3>\n\n\n\n<p>Usted reconoce que al compartir informaci\u00f3n personal en l\u00ednea, siempre existe el riesgo de violaciones de datos, incluidas violaciones de datos en las que terceros acceden ilegalmente a nuestros sistemas o a los sistemas de nuestros proveedores externos, que almacenan informaci\u00f3n personal.<\/p>\n\n\n\n<h3 class=\"wp-block-heading\">7. Limitaci\u00f3n de responsabilidad<\/h3>\n\n\n\n<p>Si bien tomamos medidas para proteger la informaci\u00f3n personal, usted acepta que en ning\u00fan caso nosotros, nuestros proveedores, socios, licenciantes, distribuidores, representantes, asociados o afiliados y cada uno de sus respectivos funcionarios, directores, empleados, accionistas, representantes y agentes (colectivamente , los \u201cCentros Braincode\u201d) ser\u00e1n responsables ante usted o cualquier otra persona de cualquier manera por contrato, agravio (incluida negligencia), responsabilidad civil o de otro modo por cualquier reclamo, da\u00f1o, obligaci\u00f3n, p\u00e9rdida, responsabilidad, costo, deuda o gasto (incluido pero no limitado a honorarios y desembolsos de abogados), ya sean directos, indirectos, especiales, econ\u00f3micos, incidentales, consecuentes, punitivos o ejemplares, incluyendo, entre otros, la p\u00e9rdida de ingresos, datos, ganancias anticipadas o p\u00e9rdida de negocios, cualquiera que sea su causa, incluso por negligencia. , que surja de, est\u00e9 relacionado o se conecte con la p\u00e9rdida o el robo de su informaci\u00f3n personal.<\/p>\n\n\n\n<p>Usted acepta que si, sin perjuicio de las dem\u00e1s disposiciones de este Acuerdo, se determina que Braincode Centers es responsable de cualquier reclamo, procedimiento, responsabilidad, obligaci\u00f3n, da\u00f1o, p\u00e9rdida o costo, dicha responsabilidad de Braincode Centers no exceder\u00e1 en ning\u00fan caso la cantidad pagada por usted por el Software o los Servicios en el (1) mes inmediatamente anterior al evento que dio lugar a su reclamo.<\/p>\n\n\n\n<h3 class=\"wp-block-heading\">8. Transferencia de Informaci\u00f3n a Otros Pa\u00edses<\/h3>\n\n\n\n<p>Estamos basados \u200b\u200ben Estados Unidos. Sin embargo, podemos transferir informaci\u00f3n personal a agentes externos o proveedores de servicios (incluidos nuestros afiliados que act\u00faan en esta capacidad) que prestan servicios en nuestro nombre, como servicio y soporte al cliente, marketing y an\u00e1lisis, alojamiento de datos o servicios de procesamiento o servicios similares. Algunos de estos proveedores de servicios pueden estar ubicados fuera de los Estados Unidos y, como resultado, su informaci\u00f3n personal puede procesarse en los Estados Unidos, Canad\u00e1 o en otros lugares, donde las leyes locales pueden permitir que gobiernos extranjeros y autoridades de seguridad nacional accedan a informaci\u00f3n personal en determinadas circunstancias. .<\/p>\n\n\n\n<h3 class=\"wp-block-heading\">9. Residentes de California<\/h3>\n\n\n\n<p>La Secci\u00f3n \u00a7 1798.83 del C\u00f3digo Civil de California permite a los usuarios residentes de California solicitar cierta informaci\u00f3n, incluidas las categor\u00edas de informaci\u00f3n personal divulgada a terceros para sus fines de marketing y los nombres y direcciones de esos terceros, con respecto a nuestra divulgaci\u00f3n de informaci\u00f3n personal a terceros. para sus fines de marketing directo, en su caso. Si es residente de California y tiene preguntas sobre nuestras pr\u00e1cticas con respecto al intercambio de informaci\u00f3n con terceros y afiliados para sus fines de marketing directo, cont\u00e1ctenos en\u00a0info@braincodemexico.com<\/p>\n\n\n\n<h3 class=\"wp-block-heading\">10. Tus elecciones<\/h3>\n\n\n\n<p><strong>(a) Informaci\u00f3n de la cuenta<\/strong><\/p>\n\n\n\n<p>Puede actualizar, corregir o eliminar informaci\u00f3n sobre usted en cualquier momento comunic\u00e1ndose con nosotros como se indica en la secci\u00f3n &#8220;Cont\u00e1ctenos&#8221; a continuaci\u00f3n. Tenga en cuenta que podemos conservar copias almacenadas en cach\u00e9 o archivadas de su informaci\u00f3n durante un per\u00edodo de tiempo determinado. Puede solicitar cambiar las opciones de contacto, optar por no compartir con otros y actualizar su informaci\u00f3n personal y sus preferencias.<\/p>\n\n\n\n<p><strong>(b) Comunicaciones promocionales<\/strong><\/p>\n\n\n\n<p>Puede optar por no recibir nuestras comunicaciones promocionales siguiendo las instrucciones contenidas en dichas comunicaciones o comunic\u00e1ndose con nosotros como se indica en la secci\u00f3n &#8220;Cont\u00e1ctenos&#8221; a continuaci\u00f3n. Si opta por no participar, es posible que a\u00fan le enviemos correos electr\u00f3nicos no promocionales, como aquellos sobre su cuenta o nuestras relaciones comerciales en curso.<\/p>\n\n\n\n<h3 class=\"wp-block-heading\">11. Cambios a esta Pol\u00edtica de Privacidad<\/h3>\n\n\n\n<p>Podemos cambiar esta Pol\u00edtica de Privacidad en cualquier momento. Le recomendamos que revise peri\u00f3dicamente esta p\u00e1gina para obtener la informaci\u00f3n m\u00e1s reciente sobre nuestras pr\u00e1cticas de privacidad. Si realizamos alg\u00fan cambio, cambiaremos la fecha de \u00faltima actualizaci\u00f3n anterior.<\/p>\n\n\n\n<p>Cualquier modificaci\u00f3n a esta Pol\u00edtica de Privacidad entrar\u00e1 en vigencia una vez que publiquemos los nuevos t\u00e9rminos. En todos los casos, su uso continuado del Software o los Servicios despu\u00e9s de la publicaci\u00f3n de cualquier Pol\u00edtica de Privacidad modificada indica su aceptaci\u00f3n de los t\u00e9rminos de la Pol\u00edtica de Privacidad modificada.<\/p>\n\n\n\n<h3 class=\"wp-block-heading\">12. Nuestras pol\u00edticas para ni\u00f1os<\/h3>\n\n\n\n<p>Nuestros productos, el Software y los Servicios solo est\u00e1n dirigidos a personas mayores de 18 a\u00f1os, o bajo la supervisi\u00f3n de un adulto de menores de 18 a\u00f1os. No recopilamos conscientemente ninguna informaci\u00f3n personal de personas menores de 18 a\u00f1os. Si tiene conocimiento de que, sin saberlo, hemos recopilado informaci\u00f3n personal de una persona menor de 18 a\u00f1os, haremos esfuerzos comercialmente razonables para eliminar dicha informaci\u00f3n personal de nuestros registros. Si est\u00e1 preocupado y sabe que un usuario menor de 18 a\u00f1os utiliza nuestro Software, los Servicios o nuestros productos, comun\u00edquese con nosotros como se indica en la secci\u00f3n &#8220;Cont\u00e1ctenos&#8221; a continuaci\u00f3n.<\/p>\n\n\n\n<h3 class=\"wp-block-heading\">13. Cont\u00e1ctenos<\/h3>\n\n\n\n<p>Si tiene alguna pregunta sobre esta Pol\u00edtica de privacidad, cont\u00e1ctenos en:\u00a0info@braincodemexico.com<\/p>","protected":false},"excerpt":{"rendered":"<p>Pol\u00edtica de privacidad Esta pol\u00edtica de privacidad (la &#8220;Pol\u00edtica de Privacidad&#8221;) explica c\u00f3mo Braincode Centers y Braincode Remote App (&#8220;nosotros&#8221;, &#8220;nuestro&#8221; y &#8220;nos&#8221;) recopilan, utilizan, almacenan y divulgan informaci\u00f3n sobre los usuarios (&#8220;usuarios&#8221;, &#8220;usted&#8221; y \u201csu\u201d) a trav\u00e9s de nuestro software (el \u201cSoftware\u201d) y nuestras aplicaciones web y otros productos y servicios (colectivamente, los \u201cServicios\u201d) [&hellip;]<\/p>\n","protected":false},"author":1,"featured_media":0,"parent":0,"menu_order":0,"comment_status":"closed","ping_status":"closed","template":"","meta":{"_joinchat":[],"footnotes":""},"class_list":["post-591","page","type-page","status-publish","hentry"],"yoast_head":"<!-- This site is optimized with the Yoast SEO plugin v27.4 - https:\/\/yoast.com\/product\/yoast-seo-wordpress\/ -->\n<title>Pol\u00edtica de privacidad - braincodemexico.com<\/title>\n<meta name=\"robots\" content=\"index, follow, max-snippet:-1, max-image-preview:large, max-video-preview:-1\" \/>\n<link rel=\"canonical\" href=\"https:\/\/braincodemexico.com\/en\/politica-de-privacidad\/\" \/>\n<meta property=\"og:locale\" content=\"en_US\" \/>\n<meta property=\"og:type\" content=\"article\" \/>\n<meta property=\"og:title\" content=\"Pol\u00edtica de privacidad - braincodemexico.com\" \/>\n<meta property=\"og:description\" content=\"Pol\u00edtica de privacidad Esta pol\u00edtica de privacidad (la &#8220;Pol\u00edtica de Privacidad&#8221;) explica c\u00f3mo Braincode Centers y Braincode Remote App (&#8220;nosotros&#8221;, &#8220;nuestro&#8221; y &#8220;nos&#8221;) recopilan, utilizan, almacenan y divulgan informaci\u00f3n sobre los usuarios (&#8220;usuarios&#8221;, &#8220;usted&#8221; y \u201csu\u201d) a trav\u00e9s de nuestro software (el \u201cSoftware\u201d) y nuestras aplicaciones web y otros productos y servicios (colectivamente, los \u201cServicios\u201d) [&hellip;]\" \/>\n<meta property=\"og:url\" content=\"https:\/\/braincodemexico.com\/en\/politica-de-privacidad\/\" \/>\n<meta property=\"og:site_name\" content=\"braincodemexico.com\" \/>\n<meta name=\"twitter:card\" content=\"summary_large_image\" \/>\n<meta name=\"twitter:label1\" content=\"Est. reading time\" \/>\n\t<meta name=\"twitter:data1\" content=\"10 minutes\" \/>\n<script type=\"application\/ld+json\" class=\"yoast-schema-graph\">{\"@context\":\"https:\\\/\\\/schema.org\",\"@graph\":[{\"@type\":\"WebPage\",\"@id\":\"https:\\\/\\\/braincodemexico.com\\\/politica-de-privacidad\\\/\",\"url\":\"https:\\\/\\\/braincodemexico.com\\\/politica-de-privacidad\\\/\",\"name\":\"Pol\u00edtica de privacidad - braincodemexico.com\",\"isPartOf\":{\"@id\":\"https:\\\/\\\/braincodemexico.com\\\/#website\"},\"datePublished\":\"2024-02-19T06:06:08+00:00\",\"breadcrumb\":{\"@id\":\"https:\\\/\\\/braincodemexico.com\\\/politica-de-privacidad\\\/#breadcrumb\"},\"inLanguage\":\"en-US\",\"potentialAction\":[{\"@type\":\"ReadAction\",\"target\":[\"https:\\\/\\\/braincodemexico.com\\\/politica-de-privacidad\\\/\"]}]},{\"@type\":\"BreadcrumbList\",\"@id\":\"https:\\\/\\\/braincodemexico.com\\\/politica-de-privacidad\\\/#breadcrumb\",\"itemListElement\":[{\"@type\":\"ListItem\",\"position\":1,\"name\":\"Inicio\",\"item\":\"https:\\\/\\\/braincodemexico.com\\\/\"},{\"@type\":\"ListItem\",\"position\":2,\"name\":\"Pol\u00edtica de privacidad\"}]},{\"@type\":\"WebSite\",\"@id\":\"https:\\\/\\\/braincodemexico.com\\\/#website\",\"url\":\"https:\\\/\\\/braincodemexico.com\\\/\",\"name\":\"braincodemexico.com\",\"description\":\"\",\"publisher\":{\"@id\":\"https:\\\/\\\/braincodemexico.com\\\/#organization\"},\"potentialAction\":[{\"@type\":\"SearchAction\",\"target\":{\"@type\":\"EntryPoint\",\"urlTemplate\":\"https:\\\/\\\/braincodemexico.com\\\/?s={search_term_string}\"},\"query-input\":{\"@type\":\"PropertyValueSpecification\",\"valueRequired\":true,\"valueName\":\"search_term_string\"}}],\"inLanguage\":\"en-US\"},{\"@type\":\"Organization\",\"@id\":\"https:\\\/\\\/braincodemexico.com\\\/#organization\",\"name\":\"braincodemexico.com\",\"url\":\"https:\\\/\\\/braincodemexico.com\\\/\",\"logo\":{\"@type\":\"ImageObject\",\"inLanguage\":\"en-US\",\"@id\":\"https:\\\/\\\/braincodemexico.com\\\/#\\\/schema\\\/logo\\\/image\\\/\",\"url\":\"https:\\\/\\\/braincodemexico.com\\\/wp-content\\\/uploads\\\/2024\\\/02\\\/cropped-logo-braincode.png\",\"contentUrl\":\"https:\\\/\\\/braincodemexico.com\\\/wp-content\\\/uploads\\\/2024\\\/02\\\/cropped-logo-braincode.png\",\"width\":1400,\"height\":400,\"caption\":\"braincodemexico.com\"},\"image\":{\"@id\":\"https:\\\/\\\/braincodemexico.com\\\/#\\\/schema\\\/logo\\\/image\\\/\"}}]}<\/script>\n<!-- \/ Yoast SEO plugin. -->","yoast_head_json":{"title":"Pol\u00edtica de privacidad - braincodemexico.com","robots":{"index":"index","follow":"follow","max-snippet":"max-snippet:-1","max-image-preview":"max-image-preview:large","max-video-preview":"max-video-preview:-1"},"canonical":"https:\/\/braincodemexico.com\/en\/politica-de-privacidad\/","og_locale":"en_US","og_type":"article","og_title":"Pol\u00edtica de privacidad - braincodemexico.com","og_description":"Pol\u00edtica de privacidad Esta pol\u00edtica de privacidad (la &#8220;Pol\u00edtica de Privacidad&#8221;) explica c\u00f3mo Braincode Centers y Braincode Remote App (&#8220;nosotros&#8221;, &#8220;nuestro&#8221; y &#8220;nos&#8221;) recopilan, utilizan, almacenan y divulgan informaci\u00f3n sobre los usuarios (&#8220;usuarios&#8221;, &#8220;usted&#8221; y \u201csu\u201d) a trav\u00e9s de nuestro software (el \u201cSoftware\u201d) y nuestras aplicaciones web y otros productos y servicios (colectivamente, los \u201cServicios\u201d) [&hellip;]","og_url":"https:\/\/braincodemexico.com\/en\/politica-de-privacidad\/","og_site_name":"braincodemexico.com","twitter_card":"summary_large_image","twitter_misc":{"Est. reading time":"10 minutes"},"schema":{"@context":"https:\/\/schema.org","@graph":[{"@type":"WebPage","@id":"https:\/\/braincodemexico.com\/politica-de-privacidad\/","url":"https:\/\/braincodemexico.com\/politica-de-privacidad\/","name":"Pol\u00edtica de privacidad - braincodemexico.com","isPartOf":{"@id":"https:\/\/braincodemexico.com\/#website"},"datePublished":"2024-02-19T06:06:08+00:00","breadcrumb":{"@id":"https:\/\/braincodemexico.com\/politica-de-privacidad\/#breadcrumb"},"inLanguage":"en-US","potentialAction":[{"@type":"ReadAction","target":["https:\/\/braincodemexico.com\/politica-de-privacidad\/"]}]},{"@type":"BreadcrumbList","@id":"https:\/\/braincodemexico.com\/politica-de-privacidad\/#breadcrumb","itemListElement":[{"@type":"ListItem","position":1,"name":"Inicio","item":"https:\/\/braincodemexico.com\/"},{"@type":"ListItem","position":2,"name":"Pol\u00edtica de privacidad"}]},{"@type":"WebSite","@id":"https:\/\/braincodemexico.com\/#website","url":"https:\/\/braincodemexico.com\/","name":"braincodemexico.com","description":"","publisher":{"@id":"https:\/\/braincodemexico.com\/#organization"},"potentialAction":[{"@type":"SearchAction","target":{"@type":"EntryPoint","urlTemplate":"https:\/\/braincodemexico.com\/?s={search_term_string}"},"query-input":{"@type":"PropertyValueSpecification","valueRequired":true,"valueName":"search_term_string"}}],"inLanguage":"en-US"},{"@type":"Organization","@id":"https:\/\/braincodemexico.com\/#organization","name":"braincodemexico.com","url":"https:\/\/braincodemexico.com\/","logo":{"@type":"ImageObject","inLanguage":"en-US","@id":"https:\/\/braincodemexico.com\/#\/schema\/logo\/image\/","url":"https:\/\/braincodemexico.com\/wp-content\/uploads\/2024\/02\/cropped-logo-braincode.png","contentUrl":"https:\/\/braincodemexico.com\/wp-content\/uploads\/2024\/02\/cropped-logo-braincode.png","width":1400,"height":400,"caption":"braincodemexico.com"},"image":{"@id":"https:\/\/braincodemexico.com\/#\/schema\/logo\/image\/"}}]}},"_links":{"self":[{"href":"https:\/\/braincodemexico.com\/en\/wp-json\/wp\/v2\/pages\/591","targetHints":{"allow":["GET"]}}],"collection":[{"href":"https:\/\/braincodemexico.com\/en\/wp-json\/wp\/v2\/pages"}],"about":[{"href":"https:\/\/braincodemexico.com\/en\/wp-json\/wp\/v2\/types\/page"}],"author":[{"embeddable":true,"href":"https:\/\/braincodemexico.com\/en\/wp-json\/wp\/v2\/users\/1"}],"replies":[{"embeddable":true,"href":"https:\/\/braincodemexico.com\/en\/wp-json\/wp\/v2\/comments?post=591"}],"version-history":[{"count":1,"href":"https:\/\/braincodemexico.com\/en\/wp-json\/wp\/v2\/pages\/591\/revisions"}],"predecessor-version":[{"id":592,"href":"https:\/\/braincodemexico.com\/en\/wp-json\/wp\/v2\/pages\/591\/revisions\/592"}],"wp:attachment":[{"href":"https:\/\/braincodemexico.com\/en\/wp-json\/wp\/v2\/media?parent=591"}],"curies":[{"name":"wp","href":"https:\/\/api.w.org\/{rel}","templated":true}]}}